{"id":614,"date":"2015-09-25T19:04:31","date_gmt":"2015-09-25T19:04:31","guid":{"rendered":"http:\/\/chateaudalencon.fr\/?page_id=61"},"modified":"2016-01-11T21:53:09","modified_gmt":"2016-01-11T21:53:09","slug":"sport","status":"publish","type":"page","link":"https:\/\/chateaudalencon.fr\/index.php\/sport\/","title":{"rendered":"Sport"},"content":{"rendered":"<p>On foot, horseback, bike, or in the air, if you love sports or nature, you will have at your disposal all the possibilities for escape!<\/p>\n<p>You have at the start of the village with the castle of many walks and hikes of duration and difficulty varied (map IGN on place + hiking map available in the tourist offices).<\/p>\n<p>Road bike or mountain bike lovers will not be disappointed, many departures directly from the G\u00eete also.\u00a0The nearby Lance awaits you, or even cross the mountain to Dieulefit in mountain biking will make the happiness of each. The winding roads in the middle of the vineyards, with lavender and necks will make the happiness of others!<\/p>\n<p>Finally the site of the rock of the aur\u00e8s mountains at the foot of the Roche Saint Secret nozzle, is an isolated rock climbing site. The cliff contains a tract of about 20 to 35 m septentaine with a gritty rock, super adherent with equipment sometimes close and sometimes a little airy.<\/p>\n<p>In short, there are for everyone!<\/p>\n<p>\u00a0<\/p>\n<p>\u00a0<\/p>\n<p>\u00a0<\/p>\n","protected":false},"excerpt":{"rendered":"<p>On foot, horseback, bike, or in the air, if you love sports or nature, you will have at your disposal <a class=\"more-link\" href=\"https:\/\/chateaudalencon.fr\/index.php\/sport\/\">Lire plus&#8230;<\/a><\/p>\n","protected":false},"author":1,"featured_media":0,"parent":0,"menu_order":0,"comment_status":"closed","ping_status":"closed","template":"","meta":{"footnotes":""},"class_list":["post-614","page","type-page","status-publish","hentry"],"yoast_head":"<!-- This site is optimized with the Yoast SEO plugin v25.3 - https:\/\/yoast.com\/wordpress\/plugins\/seo\/ -->\n<title>Sport - Chateau d&#039;Alen\u00e7on<\/title>\n<meta name=\"robots\" content=\"index, follow, max-snippet:-1, max-image-preview:large, max-video-preview:-1\" \/>\n<link rel=\"canonical\" href=\"https:\/\/chateaudalencon.fr\/index.php\/sport\/\" \/>\n<meta property=\"og:locale\" content=\"fr_FR\" \/>\n<meta property=\"og:type\" content=\"article\" \/>\n<meta property=\"og:title\" content=\"Sport - Chateau d&#039;Alen\u00e7on\" \/>\n<meta property=\"og:description\" content=\"On foot, horseback, bike, or in the air, if you love sports or nature, you will have at your disposal Lire plus...\" \/>\n<meta property=\"og:url\" content=\"https:\/\/chateaudalencon.fr\/index.php\/sport\/\" \/>\n<meta property=\"og:site_name\" content=\"Chateau d&#039;Alen\u00e7on\" \/>\n<meta property=\"article:publisher\" content=\"https:\/\/www.facebook.com\/gite.alencon\" \/>\n<meta property=\"article:modified_time\" content=\"2016-01-11T21:53:09+00:00\" \/>\n<meta name=\"twitter:card\" content=\"summary_large_image\" \/>\n<meta name=\"twitter:label1\" content=\"Dur\u00e9e de lecture estim\u00e9e\" \/>\n\t<meta name=\"twitter:data1\" content=\"1 minute\" \/>\n<script type=\"application\/ld+json\" class=\"yoast-schema-graph\">{\"@context\":\"https:\/\/schema.org\",\"@graph\":[{\"@type\":\"WebPage\",\"@id\":\"https:\/\/chateaudalencon.fr\/index.php\/sport\/\",\"url\":\"https:\/\/chateaudalencon.fr\/index.php\/sport\/\",\"name\":\"Sport - Chateau d&#039;Alen\u00e7on\",\"isPartOf\":{\"@id\":\"https:\/\/chateaudalencon.fr\/#website\"},\"datePublished\":\"2015-09-25T19:04:31+00:00\",\"dateModified\":\"2016-01-11T21:53:09+00:00\",\"breadcrumb\":{\"@id\":\"https:\/\/chateaudalencon.fr\/index.php\/sport\/#breadcrumb\"},\"inLanguage\":\"fr-FR\",\"potentialAction\":[{\"@type\":\"ReadAction\",\"target\":[\"https:\/\/chateaudalencon.fr\/index.php\/sport\/\"]}]},{\"@type\":\"BreadcrumbList\",\"@id\":\"https:\/\/chateaudalencon.fr\/index.php\/sport\/#breadcrumb\",\"itemListElement\":[{\"@type\":\"ListItem\",\"position\":1,\"name\":\"Accueil\",\"item\":\"https:\/\/chateaudalencon.fr\/index.php\/home_\/\"},{\"@type\":\"ListItem\",\"position\":2,\"name\":\"Sport\"}]},{\"@type\":\"WebSite\",\"@id\":\"https:\/\/chateaudalencon.fr\/#website\",\"url\":\"https:\/\/chateaudalencon.fr\/\",\"name\":\"Chateau d'Alen\u00e7on\",\"description\":\"G\u00eete en Dr\u00f4me Proven\u00e7ale\",\"publisher\":{\"@id\":\"https:\/\/chateaudalencon.fr\/#organization\"},\"alternateName\":\"Gites du Chateau d'Alen\u00e7on\",\"potentialAction\":[{\"@type\":\"SearchAction\",\"target\":{\"@type\":\"EntryPoint\",\"urlTemplate\":\"https:\/\/chateaudalencon.fr\/?s={search_term_string}\"},\"query-input\":{\"@type\":\"PropertyValueSpecification\",\"valueRequired\":true,\"valueName\":\"search_term_string\"}}],\"inLanguage\":\"fr-FR\"},{\"@type\":\"Organization\",\"@id\":\"https:\/\/chateaudalencon.fr\/#organization\",\"name\":\"Gites du Chateau d'Alen\u00e7on\",\"url\":\"https:\/\/chateaudalencon.fr\/\",\"logo\":{\"@type\":\"ImageObject\",\"inLanguage\":\"fr-FR\",\"@id\":\"https:\/\/chateaudalencon.fr\/#\/schema\/logo\/image\/\",\"url\":\"https:\/\/chateaudalencon.fr\/wp-content\/uploads\/2015\/09\/cropped-Logo-Gite-de-France.png\",\"contentUrl\":\"https:\/\/chateaudalencon.fr\/wp-content\/uploads\/2015\/09\/cropped-Logo-Gite-de-France.png\",\"width\":512,\"height\":512,\"caption\":\"Gites du Chateau d'Alen\u00e7on\"},\"image\":{\"@id\":\"https:\/\/chateaudalencon.fr\/#\/schema\/logo\/image\/\"},\"sameAs\":[\"https:\/\/www.facebook.com\/gite.alencon\"]}]}<\/script>\n<!-- \/ Yoast SEO plugin. -->","yoast_head_json":{"title":"Sport - Chateau d&#039;Alen\u00e7on","robots":{"index":"index","follow":"follow","max-snippet":"max-snippet:-1","max-image-preview":"max-image-preview:large","max-video-preview":"max-video-preview:-1"},"canonical":"https:\/\/chateaudalencon.fr\/index.php\/sport\/","og_locale":"fr_FR","og_type":"article","og_title":"Sport - Chateau d&#039;Alen\u00e7on","og_description":"On foot, horseback, bike, or in the air, if you love sports or nature, you will have at your disposal Lire plus...","og_url":"https:\/\/chateaudalencon.fr\/index.php\/sport\/","og_site_name":"Chateau d&#039;Alen\u00e7on","article_publisher":"https:\/\/www.facebook.com\/gite.alencon","article_modified_time":"2016-01-11T21:53:09+00:00","twitter_card":"summary_large_image","twitter_misc":{"Dur\u00e9e de lecture estim\u00e9e":"1 minute"},"schema":{"@context":"https:\/\/schema.org","@graph":[{"@type":"WebPage","@id":"https:\/\/chateaudalencon.fr\/index.php\/sport\/","url":"https:\/\/chateaudalencon.fr\/index.php\/sport\/","name":"Sport - Chateau d&#039;Alen\u00e7on","isPartOf":{"@id":"https:\/\/chateaudalencon.fr\/#website"},"datePublished":"2015-09-25T19:04:31+00:00","dateModified":"2016-01-11T21:53:09+00:00","breadcrumb":{"@id":"https:\/\/chateaudalencon.fr\/index.php\/sport\/#breadcrumb"},"inLanguage":"fr-FR","potentialAction":[{"@type":"ReadAction","target":["https:\/\/chateaudalencon.fr\/index.php\/sport\/"]}]},{"@type":"BreadcrumbList","@id":"https:\/\/chateaudalencon.fr\/index.php\/sport\/#breadcrumb","itemListElement":[{"@type":"ListItem","position":1,"name":"Accueil","item":"https:\/\/chateaudalencon.fr\/index.php\/home_\/"},{"@type":"ListItem","position":2,"name":"Sport"}]},{"@type":"WebSite","@id":"https:\/\/chateaudalencon.fr\/#website","url":"https:\/\/chateaudalencon.fr\/","name":"Chateau d'Alen\u00e7on","description":"G\u00eete en Dr\u00f4me Proven\u00e7ale","publisher":{"@id":"https:\/\/chateaudalencon.fr\/#organization"},"alternateName":"Gites du Chateau d'Alen\u00e7on","potentialAction":[{"@type":"SearchAction","target":{"@type":"EntryPoint","urlTemplate":"https:\/\/chateaudalencon.fr\/?s={search_term_string}"},"query-input":{"@type":"PropertyValueSpecification","valueRequired":true,"valueName":"search_term_string"}}],"inLanguage":"fr-FR"},{"@type":"Organization","@id":"https:\/\/chateaudalencon.fr\/#organization","name":"Gites du Chateau d'Alen\u00e7on","url":"https:\/\/chateaudalencon.fr\/","logo":{"@type":"ImageObject","inLanguage":"fr-FR","@id":"https:\/\/chateaudalencon.fr\/#\/schema\/logo\/image\/","url":"https:\/\/chateaudalencon.fr\/wp-content\/uploads\/2015\/09\/cropped-Logo-Gite-de-France.png","contentUrl":"https:\/\/chateaudalencon.fr\/wp-content\/uploads\/2015\/09\/cropped-Logo-Gite-de-France.png","width":512,"height":512,"caption":"Gites du Chateau d'Alen\u00e7on"},"image":{"@id":"https:\/\/chateaudalencon.fr\/#\/schema\/logo\/image\/"},"sameAs":["https:\/\/www.facebook.com\/gite.alencon"]}]}},"_links":{"self":[{"href":"https:\/\/chateaudalencon.fr\/index.php\/wp-json\/wp\/v2\/pages\/614","targetHints":{"allow":["GET"]}}],"collection":[{"href":"https:\/\/chateaudalencon.fr\/index.php\/wp-json\/wp\/v2\/pages"}],"about":[{"href":"https:\/\/chateaudalencon.fr\/index.php\/wp-json\/wp\/v2\/types\/page"}],"author":[{"embeddable":true,"href":"https:\/\/chateaudalencon.fr\/index.php\/wp-json\/wp\/v2\/users\/1"}],"replies":[{"embeddable":true,"href":"https:\/\/chateaudalencon.fr\/index.php\/wp-json\/wp\/v2\/comments?post=614"}],"version-history":[{"count":1,"href":"https:\/\/chateaudalencon.fr\/index.php\/wp-json\/wp\/v2\/pages\/614\/revisions"}],"predecessor-version":[{"id":686,"href":"https:\/\/chateaudalencon.fr\/index.php\/wp-json\/wp\/v2\/pages\/614\/revisions\/686"}],"wp:attachment":[{"href":"https:\/\/chateaudalencon.fr\/index.php\/wp-json\/wp\/v2\/media?parent=614"}],"curies":[{"name":"wp","href":"https:\/\/api.w.org\/{rel}","templated":true}]}}