{"id":611,"date":"2015-09-28T18:20:15","date_gmt":"2015-09-28T18:20:15","guid":{"rendered":"http:\/\/chateaudalencon.fr\/?page_id=202"},"modified":"2024-06-01T08:46:44","modified_gmt":"2024-06-01T08:46:44","slug":"access","status":"publish","type":"page","link":"https:\/\/chateaudalencon.fr\/index.php\/access\/","title":{"rendered":"Access"},"content":{"rendered":"<div class=\"wp-block-image\">\n<figure class=\"alignright\"><img loading=\"lazy\" decoding=\"async\" width=\"176\" height=\"300\" src=\"https:\/\/chateaudalencon.fr\/wp-content\/uploads\/2015\/09\/Plan-acc\u00e8s-176x300.jpg\" alt=\"Plan access\" class=\"wp-image-522\" srcset=\"https:\/\/chateaudalencon.fr\/wp-content\/uploads\/2015\/09\/Plan-acc\u00e8s-176x300.jpg 176w, https:\/\/chateaudalencon.fr\/wp-content\/uploads\/2015\/09\/Plan-acc\u00e8s.jpg 311w\" sizes=\"auto, (max-width: 176px) 100vw, 176px\" \/><\/figure>\n<\/div>\n\n\n<p><strong>By car: in<\/strong> the village, follow the signs to the cellar of the Ch\u00e2teau d &lsquo; Alen\u00e7on on 1 km, to reach deposits.<\/p>\n\n\n\n<p><strong>By train: <\/strong>station of Mont\u00e9limar<\/p>\n\n\n\n<p><strong>By plane:<\/strong> Lyon &#8211; St Exup\u00e9ry airport<\/p>\n\n\n\n<p><strong>GPS: 4<a href=\"https:\/\/goo.gl\/maps\/RL8PWhqdPQo\">4 \u00b0 29&rsquo;10.9 \u00ab\u00a0N 5 \u00b0 01&prime; 35. <\/a><\/strong>0<em><span style=\"color: #999999;\">\u00a0\u00bb E (<a style=\"color: #999999;\" href=\"https:\/\/goo.gl\/maps\/RL8PWhqdPQo\">or 44.486351, 5.02639<\/a>8)<\/span><\/em><\/p>\n","protected":false},"excerpt":{"rendered":"<p>By car: in the village, follow the signs to the cellar of the Ch\u00e2teau d &lsquo; Alen\u00e7on on 1 km, <a class=\"more-link\" href=\"https:\/\/chateaudalencon.fr\/index.php\/access\/\">Lire plus&#8230;<\/a><\/p>\n","protected":false},"author":1,"featured_media":0,"parent":0,"menu_order":0,"comment_status":"closed","ping_status":"closed","template":"","meta":{"footnotes":""},"class_list":["post-611","page","type-page","status-publish","hentry"],"yoast_head":"<!-- This site is optimized with the Yoast SEO plugin v25.3 - https:\/\/yoast.com\/wordpress\/plugins\/seo\/ -->\n<title>Access - Chateau d&#039;Alen\u00e7on<\/title>\n<meta name=\"robots\" content=\"index, follow, max-snippet:-1, max-image-preview:large, max-video-preview:-1\" \/>\n<link rel=\"canonical\" href=\"https:\/\/chateaudalencon.fr\/index.php\/access\/\" \/>\n<meta property=\"og:locale\" content=\"fr_FR\" \/>\n<meta property=\"og:type\" content=\"article\" \/>\n<meta property=\"og:title\" content=\"Access - Chateau d&#039;Alen\u00e7on\" \/>\n<meta property=\"og:description\" content=\"By car: in the village, follow the signs to the cellar of the Ch\u00e2teau d &lsquo; Alen\u00e7on on 1 km, Lire plus...\" \/>\n<meta property=\"og:url\" content=\"https:\/\/chateaudalencon.fr\/index.php\/access\/\" \/>\n<meta property=\"og:site_name\" content=\"Chateau d&#039;Alen\u00e7on\" \/>\n<meta property=\"article:publisher\" content=\"https:\/\/www.facebook.com\/gite.alencon\" \/>\n<meta property=\"article:modified_time\" content=\"2024-06-01T08:46:44+00:00\" \/>\n<meta name=\"twitter:card\" content=\"summary_large_image\" \/>\n<script type=\"application\/ld+json\" class=\"yoast-schema-graph\">{\"@context\":\"https:\/\/schema.org\",\"@graph\":[{\"@type\":\"WebPage\",\"@id\":\"https:\/\/chateaudalencon.fr\/index.php\/access\/\",\"url\":\"https:\/\/chateaudalencon.fr\/index.php\/access\/\",\"name\":\"Access - Chateau d&#039;Alen\u00e7on\",\"isPartOf\":{\"@id\":\"https:\/\/chateaudalencon.fr\/#website\"},\"datePublished\":\"2015-09-28T18:20:15+00:00\",\"dateModified\":\"2024-06-01T08:46:44+00:00\",\"breadcrumb\":{\"@id\":\"https:\/\/chateaudalencon.fr\/index.php\/access\/#breadcrumb\"},\"inLanguage\":\"fr-FR\",\"potentialAction\":[{\"@type\":\"ReadAction\",\"target\":[\"https:\/\/chateaudalencon.fr\/index.php\/access\/\"]}]},{\"@type\":\"BreadcrumbList\",\"@id\":\"https:\/\/chateaudalencon.fr\/index.php\/access\/#breadcrumb\",\"itemListElement\":[{\"@type\":\"ListItem\",\"position\":1,\"name\":\"Accueil\",\"item\":\"https:\/\/chateaudalencon.fr\/index.php\/home_\/\"},{\"@type\":\"ListItem\",\"position\":2,\"name\":\"Access\"}]},{\"@type\":\"WebSite\",\"@id\":\"https:\/\/chateaudalencon.fr\/#website\",\"url\":\"https:\/\/chateaudalencon.fr\/\",\"name\":\"Chateau d'Alen\u00e7on\",\"description\":\"G\u00eete en Dr\u00f4me Proven\u00e7ale\",\"publisher\":{\"@id\":\"https:\/\/chateaudalencon.fr\/#organization\"},\"alternateName\":\"Gites du Chateau d'Alen\u00e7on\",\"potentialAction\":[{\"@type\":\"SearchAction\",\"target\":{\"@type\":\"EntryPoint\",\"urlTemplate\":\"https:\/\/chateaudalencon.fr\/?s={search_term_string}\"},\"query-input\":{\"@type\":\"PropertyValueSpecification\",\"valueRequired\":true,\"valueName\":\"search_term_string\"}}],\"inLanguage\":\"fr-FR\"},{\"@type\":\"Organization\",\"@id\":\"https:\/\/chateaudalencon.fr\/#organization\",\"name\":\"Gites du Chateau d'Alen\u00e7on\",\"url\":\"https:\/\/chateaudalencon.fr\/\",\"logo\":{\"@type\":\"ImageObject\",\"inLanguage\":\"fr-FR\",\"@id\":\"https:\/\/chateaudalencon.fr\/#\/schema\/logo\/image\/\",\"url\":\"https:\/\/chateaudalencon.fr\/wp-content\/uploads\/2015\/09\/cropped-Logo-Gite-de-France.png\",\"contentUrl\":\"https:\/\/chateaudalencon.fr\/wp-content\/uploads\/2015\/09\/cropped-Logo-Gite-de-France.png\",\"width\":512,\"height\":512,\"caption\":\"Gites du Chateau d'Alen\u00e7on\"},\"image\":{\"@id\":\"https:\/\/chateaudalencon.fr\/#\/schema\/logo\/image\/\"},\"sameAs\":[\"https:\/\/www.facebook.com\/gite.alencon\"]}]}<\/script>\n<!-- \/ Yoast SEO plugin. -->","yoast_head_json":{"title":"Access - Chateau d&#039;Alen\u00e7on","robots":{"index":"index","follow":"follow","max-snippet":"max-snippet:-1","max-image-preview":"max-image-preview:large","max-video-preview":"max-video-preview:-1"},"canonical":"https:\/\/chateaudalencon.fr\/index.php\/access\/","og_locale":"fr_FR","og_type":"article","og_title":"Access - Chateau d&#039;Alen\u00e7on","og_description":"By car: in the village, follow the signs to the cellar of the Ch\u00e2teau d &lsquo; Alen\u00e7on on 1 km, Lire plus...","og_url":"https:\/\/chateaudalencon.fr\/index.php\/access\/","og_site_name":"Chateau d&#039;Alen\u00e7on","article_publisher":"https:\/\/www.facebook.com\/gite.alencon","article_modified_time":"2024-06-01T08:46:44+00:00","twitter_card":"summary_large_image","schema":{"@context":"https:\/\/schema.org","@graph":[{"@type":"WebPage","@id":"https:\/\/chateaudalencon.fr\/index.php\/access\/","url":"https:\/\/chateaudalencon.fr\/index.php\/access\/","name":"Access - Chateau d&#039;Alen\u00e7on","isPartOf":{"@id":"https:\/\/chateaudalencon.fr\/#website"},"datePublished":"2015-09-28T18:20:15+00:00","dateModified":"2024-06-01T08:46:44+00:00","breadcrumb":{"@id":"https:\/\/chateaudalencon.fr\/index.php\/access\/#breadcrumb"},"inLanguage":"fr-FR","potentialAction":[{"@type":"ReadAction","target":["https:\/\/chateaudalencon.fr\/index.php\/access\/"]}]},{"@type":"BreadcrumbList","@id":"https:\/\/chateaudalencon.fr\/index.php\/access\/#breadcrumb","itemListElement":[{"@type":"ListItem","position":1,"name":"Accueil","item":"https:\/\/chateaudalencon.fr\/index.php\/home_\/"},{"@type":"ListItem","position":2,"name":"Access"}]},{"@type":"WebSite","@id":"https:\/\/chateaudalencon.fr\/#website","url":"https:\/\/chateaudalencon.fr\/","name":"Chateau d'Alen\u00e7on","description":"G\u00eete en Dr\u00f4me Proven\u00e7ale","publisher":{"@id":"https:\/\/chateaudalencon.fr\/#organization"},"alternateName":"Gites du Chateau d'Alen\u00e7on","potentialAction":[{"@type":"SearchAction","target":{"@type":"EntryPoint","urlTemplate":"https:\/\/chateaudalencon.fr\/?s={search_term_string}"},"query-input":{"@type":"PropertyValueSpecification","valueRequired":true,"valueName":"search_term_string"}}],"inLanguage":"fr-FR"},{"@type":"Organization","@id":"https:\/\/chateaudalencon.fr\/#organization","name":"Gites du Chateau d'Alen\u00e7on","url":"https:\/\/chateaudalencon.fr\/","logo":{"@type":"ImageObject","inLanguage":"fr-FR","@id":"https:\/\/chateaudalencon.fr\/#\/schema\/logo\/image\/","url":"https:\/\/chateaudalencon.fr\/wp-content\/uploads\/2015\/09\/cropped-Logo-Gite-de-France.png","contentUrl":"https:\/\/chateaudalencon.fr\/wp-content\/uploads\/2015\/09\/cropped-Logo-Gite-de-France.png","width":512,"height":512,"caption":"Gites du Chateau d'Alen\u00e7on"},"image":{"@id":"https:\/\/chateaudalencon.fr\/#\/schema\/logo\/image\/"},"sameAs":["https:\/\/www.facebook.com\/gite.alencon"]}]}},"_links":{"self":[{"href":"https:\/\/chateaudalencon.fr\/index.php\/wp-json\/wp\/v2\/pages\/611","targetHints":{"allow":["GET"]}}],"collection":[{"href":"https:\/\/chateaudalencon.fr\/index.php\/wp-json\/wp\/v2\/pages"}],"about":[{"href":"https:\/\/chateaudalencon.fr\/index.php\/wp-json\/wp\/v2\/types\/page"}],"author":[{"embeddable":true,"href":"https:\/\/chateaudalencon.fr\/index.php\/wp-json\/wp\/v2\/users\/1"}],"replies":[{"embeddable":true,"href":"https:\/\/chateaudalencon.fr\/index.php\/wp-json\/wp\/v2\/comments?post=611"}],"version-history":[{"count":2,"href":"https:\/\/chateaudalencon.fr\/index.php\/wp-json\/wp\/v2\/pages\/611\/revisions"}],"predecessor-version":[{"id":1224,"href":"https:\/\/chateaudalencon.fr\/index.php\/wp-json\/wp\/v2\/pages\/611\/revisions\/1224"}],"wp:attachment":[{"href":"https:\/\/chateaudalencon.fr\/index.php\/wp-json\/wp\/v2\/media?parent=611"}],"curies":[{"name":"wp","href":"https:\/\/api.w.org\/{rel}","templated":true}]}}