{"id":61,"date":"2015-09-25T19:04:31","date_gmt":"2015-09-25T19:04:31","guid":{"rendered":"http:\/\/chateaudalencon.fr\/?page_id=61"},"modified":"2016-01-11T21:59:42","modified_gmt":"2016-01-11T21:59:42","slug":"sport","status":"publish","type":"page","link":"https:\/\/chateaudalencon.fr\/index.php\/activites\/sport\/","title":{"rendered":"Sport"},"content":{"rendered":"<p>\u00c0 pied, \u00e0 cheval, \u00e0 v\u00e9lo, ou dans les airs, si vous \u00eates amateurs de sports ou de nature, vous aurez \u00e0 votre\u00a0disposition toutes les possibilit\u00e9s de vous \u00e9vader\u00a0!<\/p>\n<p>Vous avez au d\u00e9part du village et m\u00eame du ch\u00e2teau de nombreuses ballades et randonn\u00e9es de dur\u00e9e et de difficult\u00e9 vari\u00e9es (carte IGN sur place+ Carte de randonn\u00e9es disponibles dans les offices du tourisme).<\/p>\n<p>Les amoureux de v\u00e9lo de route ou VTT ne seront pas d\u00e9\u00e7us, nombreux d\u00e9parts directement du g\u00eete \u00e9galement.\u00a0La Lance toute proche vous attend, ou bien traversez la montagne jusqu&rsquo;\u00e0 Dieulefit en VTT fera le bonheur des uns. Les routes sinueuses au milieu des vignobles, des lavandes et les cols feront\u00a0le bonheur des autres!<\/p>\n<p>Enfin le site du rocher des Aures au pied de la Lance \u00e0 la Roche Saint Secret, est\u00a0un site d&rsquo;escalade isol\u00e9. La falaise comporte une septentaine de voies de 20 \u00e0 35 m environ avec un rocher granuleux, super adh\u00e9rent, avec un \u00e9quipement parfois proche et parfois un peu a\u00e9r\u00e9.<\/p>\n<p>Bref, il y en a pour tous les go\u00fbts!<\/p>\n<p>&nbsp;<\/p>\n<p>&nbsp;<\/p>\n<p>&nbsp;<\/p>\n","protected":false},"excerpt":{"rendered":"<p>\u00c0 pied, \u00e0 cheval, \u00e0 v\u00e9lo, ou dans les airs, si vous \u00eates amateurs de sports ou de nature, vous <a class=\"more-link\" href=\"https:\/\/chateaudalencon.fr\/index.php\/activites\/sport\/\">Lire plus&#8230;<\/a><\/p>\n","protected":false},"author":1,"featured_media":211,"parent":39,"menu_order":0,"comment_status":"closed","ping_status":"closed","template":"","meta":{"footnotes":""},"class_list":["post-61","page","type-page","status-publish","has-post-thumbnail","hentry"],"yoast_head":"<!-- This site is optimized with the Yoast SEO plugin v25.3 - https:\/\/yoast.com\/wordpress\/plugins\/seo\/ -->\n<title>Sport - Chateau d&#039;Alen\u00e7on<\/title>\n<meta name=\"robots\" content=\"index, follow, max-snippet:-1, max-image-preview:large, max-video-preview:-1\" \/>\n<link rel=\"canonical\" href=\"https:\/\/chateaudalencon.fr\/index.php\/activites\/sport\/\" \/>\n<meta property=\"og:locale\" content=\"fr_FR\" \/>\n<meta property=\"og:type\" content=\"article\" \/>\n<meta property=\"og:title\" content=\"Sport - Chateau d&#039;Alen\u00e7on\" \/>\n<meta property=\"og:description\" content=\"\u00c0 pied, \u00e0 cheval, \u00e0 v\u00e9lo, ou dans les airs, si vous \u00eates amateurs de sports ou de nature, vous Lire plus...\" \/>\n<meta property=\"og:url\" content=\"https:\/\/chateaudalencon.fr\/index.php\/activites\/sport\/\" \/>\n<meta property=\"og:site_name\" content=\"Chateau d&#039;Alen\u00e7on\" \/>\n<meta property=\"article:publisher\" content=\"https:\/\/www.facebook.com\/gite.alencon\" \/>\n<meta property=\"article:modified_time\" content=\"2016-01-11T21:59:42+00:00\" \/>\n<meta property=\"og:image\" content=\"https:\/\/chateaudalencon.fr\/wp-content\/uploads\/2015\/09\/photos-site1.jpg\" \/>\n\t<meta property=\"og:image:width\" content=\"1700\" \/>\n\t<meta property=\"og:image:height\" content=\"850\" \/>\n\t<meta property=\"og:image:type\" content=\"image\/jpeg\" \/>\n<meta name=\"twitter:card\" content=\"summary_large_image\" \/>\n<meta name=\"twitter:label1\" content=\"Dur\u00e9e de lecture estim\u00e9e\" \/>\n\t<meta name=\"twitter:data1\" content=\"1 minute\" \/>\n<script type=\"application\/ld+json\" class=\"yoast-schema-graph\">{\"@context\":\"https:\/\/schema.org\",\"@graph\":[{\"@type\":\"WebPage\",\"@id\":\"https:\/\/chateaudalencon.fr\/index.php\/activites\/sport\/\",\"url\":\"https:\/\/chateaudalencon.fr\/index.php\/activites\/sport\/\",\"name\":\"Sport - Chateau d&#039;Alen\u00e7on\",\"isPartOf\":{\"@id\":\"https:\/\/chateaudalencon.fr\/#website\"},\"primaryImageOfPage\":{\"@id\":\"https:\/\/chateaudalencon.fr\/index.php\/activites\/sport\/#primaryimage\"},\"image\":{\"@id\":\"https:\/\/chateaudalencon.fr\/index.php\/activites\/sport\/#primaryimage\"},\"thumbnailUrl\":\"https:\/\/chateaudalencon.fr\/wp-content\/uploads\/2015\/09\/photos-site1.jpg\",\"datePublished\":\"2015-09-25T19:04:31+00:00\",\"dateModified\":\"2016-01-11T21:59:42+00:00\",\"breadcrumb\":{\"@id\":\"https:\/\/chateaudalencon.fr\/index.php\/activites\/sport\/#breadcrumb\"},\"inLanguage\":\"fr-FR\",\"potentialAction\":[{\"@type\":\"ReadAction\",\"target\":[\"https:\/\/chateaudalencon.fr\/index.php\/activites\/sport\/\"]}]},{\"@type\":\"ImageObject\",\"inLanguage\":\"fr-FR\",\"@id\":\"https:\/\/chateaudalencon.fr\/index.php\/activites\/sport\/#primaryimage\",\"url\":\"https:\/\/chateaudalencon.fr\/wp-content\/uploads\/2015\/09\/photos-site1.jpg\",\"contentUrl\":\"https:\/\/chateaudalencon.fr\/wp-content\/uploads\/2015\/09\/photos-site1.jpg\",\"width\":1700,\"height\":850},{\"@type\":\"BreadcrumbList\",\"@id\":\"https:\/\/chateaudalencon.fr\/index.php\/activites\/sport\/#breadcrumb\",\"itemListElement\":[{\"@type\":\"ListItem\",\"position\":1,\"name\":\"Accueil\",\"item\":\"https:\/\/chateaudalencon.fr\/index.php\/home_\/\"},{\"@type\":\"ListItem\",\"position\":2,\"name\":\"Activit\u00e9s\",\"item\":\"https:\/\/chateaudalencon.fr\/index.php\/activites\/\"},{\"@type\":\"ListItem\",\"position\":3,\"name\":\"Sport\"}]},{\"@type\":\"WebSite\",\"@id\":\"https:\/\/chateaudalencon.fr\/#website\",\"url\":\"https:\/\/chateaudalencon.fr\/\",\"name\":\"Chateau d'Alen\u00e7on\",\"description\":\"G\u00eete en Dr\u00f4me Proven\u00e7ale\",\"publisher\":{\"@id\":\"https:\/\/chateaudalencon.fr\/#organization\"},\"alternateName\":\"Gites du Chateau d'Alen\u00e7on\",\"potentialAction\":[{\"@type\":\"SearchAction\",\"target\":{\"@type\":\"EntryPoint\",\"urlTemplate\":\"https:\/\/chateaudalencon.fr\/?s={search_term_string}\"},\"query-input\":{\"@type\":\"PropertyValueSpecification\",\"valueRequired\":true,\"valueName\":\"search_term_string\"}}],\"inLanguage\":\"fr-FR\"},{\"@type\":\"Organization\",\"@id\":\"https:\/\/chateaudalencon.fr\/#organization\",\"name\":\"Gites du Chateau d'Alen\u00e7on\",\"url\":\"https:\/\/chateaudalencon.fr\/\",\"logo\":{\"@type\":\"ImageObject\",\"inLanguage\":\"fr-FR\",\"@id\":\"https:\/\/chateaudalencon.fr\/#\/schema\/logo\/image\/\",\"url\":\"https:\/\/chateaudalencon.fr\/wp-content\/uploads\/2015\/09\/cropped-Logo-Gite-de-France.png\",\"contentUrl\":\"https:\/\/chateaudalencon.fr\/wp-content\/uploads\/2015\/09\/cropped-Logo-Gite-de-France.png\",\"width\":512,\"height\":512,\"caption\":\"Gites du Chateau d'Alen\u00e7on\"},\"image\":{\"@id\":\"https:\/\/chateaudalencon.fr\/#\/schema\/logo\/image\/\"},\"sameAs\":[\"https:\/\/www.facebook.com\/gite.alencon\"]}]}<\/script>\n<!-- \/ Yoast SEO plugin. -->","yoast_head_json":{"title":"Sport - Chateau d&#039;Alen\u00e7on","robots":{"index":"index","follow":"follow","max-snippet":"max-snippet:-1","max-image-preview":"max-image-preview:large","max-video-preview":"max-video-preview:-1"},"canonical":"https:\/\/chateaudalencon.fr\/index.php\/activites\/sport\/","og_locale":"fr_FR","og_type":"article","og_title":"Sport - Chateau d&#039;Alen\u00e7on","og_description":"\u00c0 pied, \u00e0 cheval, \u00e0 v\u00e9lo, ou dans les airs, si vous \u00eates amateurs de sports ou de nature, vous Lire plus...","og_url":"https:\/\/chateaudalencon.fr\/index.php\/activites\/sport\/","og_site_name":"Chateau d&#039;Alen\u00e7on","article_publisher":"https:\/\/www.facebook.com\/gite.alencon","article_modified_time":"2016-01-11T21:59:42+00:00","og_image":[{"width":1700,"height":850,"url":"https:\/\/chateaudalencon.fr\/wp-content\/uploads\/2015\/09\/photos-site1.jpg","type":"image\/jpeg"}],"twitter_card":"summary_large_image","twitter_misc":{"Dur\u00e9e de lecture estim\u00e9e":"1 minute"},"schema":{"@context":"https:\/\/schema.org","@graph":[{"@type":"WebPage","@id":"https:\/\/chateaudalencon.fr\/index.php\/activites\/sport\/","url":"https:\/\/chateaudalencon.fr\/index.php\/activites\/sport\/","name":"Sport - Chateau d&#039;Alen\u00e7on","isPartOf":{"@id":"https:\/\/chateaudalencon.fr\/#website"},"primaryImageOfPage":{"@id":"https:\/\/chateaudalencon.fr\/index.php\/activites\/sport\/#primaryimage"},"image":{"@id":"https:\/\/chateaudalencon.fr\/index.php\/activites\/sport\/#primaryimage"},"thumbnailUrl":"https:\/\/chateaudalencon.fr\/wp-content\/uploads\/2015\/09\/photos-site1.jpg","datePublished":"2015-09-25T19:04:31+00:00","dateModified":"2016-01-11T21:59:42+00:00","breadcrumb":{"@id":"https:\/\/chateaudalencon.fr\/index.php\/activites\/sport\/#breadcrumb"},"inLanguage":"fr-FR","potentialAction":[{"@type":"ReadAction","target":["https:\/\/chateaudalencon.fr\/index.php\/activites\/sport\/"]}]},{"@type":"ImageObject","inLanguage":"fr-FR","@id":"https:\/\/chateaudalencon.fr\/index.php\/activites\/sport\/#primaryimage","url":"https:\/\/chateaudalencon.fr\/wp-content\/uploads\/2015\/09\/photos-site1.jpg","contentUrl":"https:\/\/chateaudalencon.fr\/wp-content\/uploads\/2015\/09\/photos-site1.jpg","width":1700,"height":850},{"@type":"BreadcrumbList","@id":"https:\/\/chateaudalencon.fr\/index.php\/activites\/sport\/#breadcrumb","itemListElement":[{"@type":"ListItem","position":1,"name":"Accueil","item":"https:\/\/chateaudalencon.fr\/index.php\/home_\/"},{"@type":"ListItem","position":2,"name":"Activit\u00e9s","item":"https:\/\/chateaudalencon.fr\/index.php\/activites\/"},{"@type":"ListItem","position":3,"name":"Sport"}]},{"@type":"WebSite","@id":"https:\/\/chateaudalencon.fr\/#website","url":"https:\/\/chateaudalencon.fr\/","name":"Chateau d'Alen\u00e7on","description":"G\u00eete en Dr\u00f4me Proven\u00e7ale","publisher":{"@id":"https:\/\/chateaudalencon.fr\/#organization"},"alternateName":"Gites du Chateau d'Alen\u00e7on","potentialAction":[{"@type":"SearchAction","target":{"@type":"EntryPoint","urlTemplate":"https:\/\/chateaudalencon.fr\/?s={search_term_string}"},"query-input":{"@type":"PropertyValueSpecification","valueRequired":true,"valueName":"search_term_string"}}],"inLanguage":"fr-FR"},{"@type":"Organization","@id":"https:\/\/chateaudalencon.fr\/#organization","name":"Gites du Chateau d'Alen\u00e7on","url":"https:\/\/chateaudalencon.fr\/","logo":{"@type":"ImageObject","inLanguage":"fr-FR","@id":"https:\/\/chateaudalencon.fr\/#\/schema\/logo\/image\/","url":"https:\/\/chateaudalencon.fr\/wp-content\/uploads\/2015\/09\/cropped-Logo-Gite-de-France.png","contentUrl":"https:\/\/chateaudalencon.fr\/wp-content\/uploads\/2015\/09\/cropped-Logo-Gite-de-France.png","width":512,"height":512,"caption":"Gites du Chateau d'Alen\u00e7on"},"image":{"@id":"https:\/\/chateaudalencon.fr\/#\/schema\/logo\/image\/"},"sameAs":["https:\/\/www.facebook.com\/gite.alencon"]}]}},"_links":{"self":[{"href":"https:\/\/chateaudalencon.fr\/index.php\/wp-json\/wp\/v2\/pages\/61","targetHints":{"allow":["GET"]}}],"collection":[{"href":"https:\/\/chateaudalencon.fr\/index.php\/wp-json\/wp\/v2\/pages"}],"about":[{"href":"https:\/\/chateaudalencon.fr\/index.php\/wp-json\/wp\/v2\/types\/page"}],"author":[{"embeddable":true,"href":"https:\/\/chateaudalencon.fr\/index.php\/wp-json\/wp\/v2\/users\/1"}],"replies":[{"embeddable":true,"href":"https:\/\/chateaudalencon.fr\/index.php\/wp-json\/wp\/v2\/comments?post=61"}],"version-history":[{"count":5,"href":"https:\/\/chateaudalencon.fr\/index.php\/wp-json\/wp\/v2\/pages\/61\/revisions"}],"predecessor-version":[{"id":685,"href":"https:\/\/chateaudalencon.fr\/index.php\/wp-json\/wp\/v2\/pages\/61\/revisions\/685"}],"up":[{"embeddable":true,"href":"https:\/\/chateaudalencon.fr\/index.php\/wp-json\/wp\/v2\/pages\/39"}],"wp:featuredmedia":[{"embeddable":true,"href":"https:\/\/chateaudalencon.fr\/index.php\/wp-json\/wp\/v2\/media\/211"}],"wp:attachment":[{"href":"https:\/\/chateaudalencon.fr\/index.php\/wp-json\/wp\/v2\/media?parent=61"}],"curies":[{"name":"wp","href":"https:\/\/api.w.org\/{rel}","templated":true}]}}