{"id":605,"date":"2015-10-06T20:02:01","date_gmt":"2015-10-06T20:02:01","guid":{"rendered":"http:\/\/chateaudalencon.fr\/?page_id=267"},"modified":"2015-10-06T20:02:01","modified_gmt":"2015-10-06T20:02:01","slug":"wineries-wines","status":"publish","type":"page","link":"https:\/\/chateaudalencon.fr\/index.php\/wineries-wines\/","title":{"rendered":"Wineries &amp; wines"},"content":{"rendered":"<p>C\u00f4tes du Rh\u00f4ne, Grignan the Adhemars: they all perfumes, in connection with their land of origin, to breathe gently before emptying his glass in in appreciating all the aromas. It is true that they share the valleys: top vineyards, orchards at the bottom. AOC Grignan Adhemars, children of the garrigue, are sappy, feeling sometimes herbs, but also black currant. The C\u00f4tes du Rh\u00f4ne in the plain around Tulette will have &quot;bouquets&quot; of ware: raspberry and cherry, sour candy&#8230;<\/p>\n<p>Here is our &quot;faves&quot;, not to be missed:<\/p>\n<ul>\n<li><a href=\"https:\/\/chateaudalencon.fr\/index.php\/2015\/10\/20\/471\/\">&quot;<em>Castle of Alen\u00e7on.<\/em><\/a><\/li>\n<li><a href=\"https:\/\/chateaudalencon.fr\/index.php\/2015\/10\/23\/domaine-les-caminottes\/\">&quot;<em>The Caminottes domain&quot;.<\/em><\/a><\/li>\n<li><em><em><a href=\"https:\/\/chateaudalencon.fr\/index.php\/2015\/10\/23\/passion-dune-femme\/\">&quot;Passion of a woman&quot;.<\/a><\/em><\/em><\/li>\n<li><a href=\"https:\/\/chateaudalencon.fr\/index.php\/2015\/10\/23\/domaine-des-rosiers\/\">&quot;Field of roses<em>.&quot;<\/em><\/a><\/li>\n<li><a href=\"https:\/\/chateaudalencon.fr\/index.php\/2015\/10\/23\/le-vin-poete\/\">T<em>he<\/em> <em>wine poet.<\/em><\/a><\/li>\n<\/ul>\n<p>We are share our family heritage, both lovers of wine and the world that surrounds it. Take the time to see our friend Marc Lal<em>ane, his ce<\/em>llar &quot;The wi<a href=\"https:\/\/chateaudalencon.fr\/index.php\/2015\/10\/23\/le-vin-poete\/\">ne<em> p<\/em>o<em>et&quot; (this n<\/em><\/a>ame will go it so well&#8230;) to Po\u00ebt Laval. Passionate of Oenology, it receives each week one to two groups for workshops discovered wines and terroir. He surveyed the vineyards from all regions each year in getting out us of gems&#8230;<\/p>\n<p>\u00a0<\/p>\n<p>\u00a0<\/p>\n","protected":false},"excerpt":{"rendered":"<p>C\u00f4tes du Rh\u00f4ne, Grignan the Adhemars: they all perfumes, in connection with their land of origin, to breathe gently before <a class=\"more-link\" href=\"https:\/\/chateaudalencon.fr\/index.php\/wineries-wines\/\">Lire plus&#8230;<\/a><\/p>\n","protected":false},"author":1,"featured_media":0,"parent":0,"menu_order":0,"comment_status":"closed","ping_status":"closed","template":"","meta":{"footnotes":""},"class_list":["post-605","page","type-page","status-publish","hentry"],"yoast_head":"<!-- This site is optimized with the Yoast SEO plugin v25.3 - https:\/\/yoast.com\/wordpress\/plugins\/seo\/ -->\n<title>Wineries &amp; wines - Chateau d&#039;Alen\u00e7on<\/title>\n<meta name=\"robots\" content=\"index, follow, max-snippet:-1, max-image-preview:large, max-video-preview:-1\" \/>\n<link rel=\"canonical\" href=\"https:\/\/chateaudalencon.fr\/index.php\/wineries-wines\/\" \/>\n<meta property=\"og:locale\" content=\"fr_FR\" \/>\n<meta property=\"og:type\" content=\"article\" \/>\n<meta property=\"og:title\" content=\"Wineries &amp; wines - Chateau d&#039;Alen\u00e7on\" \/>\n<meta property=\"og:description\" content=\"C\u00f4tes du Rh\u00f4ne, Grignan the Adhemars: they all perfumes, in connection with their land of origin, to breathe gently before Lire plus...\" \/>\n<meta property=\"og:url\" content=\"https:\/\/chateaudalencon.fr\/index.php\/wineries-wines\/\" \/>\n<meta property=\"og:site_name\" content=\"Chateau d&#039;Alen\u00e7on\" \/>\n<meta property=\"article:publisher\" content=\"https:\/\/www.facebook.com\/gite.alencon\" \/>\n<meta name=\"twitter:card\" content=\"summary_large_image\" \/>\n<meta name=\"twitter:label1\" content=\"Dur\u00e9e de lecture estim\u00e9e\" \/>\n\t<meta name=\"twitter:data1\" content=\"1 minute\" \/>\n<script type=\"application\/ld+json\" class=\"yoast-schema-graph\">{\"@context\":\"https:\/\/schema.org\",\"@graph\":[{\"@type\":\"WebPage\",\"@id\":\"https:\/\/chateaudalencon.fr\/index.php\/wineries-wines\/\",\"url\":\"https:\/\/chateaudalencon.fr\/index.php\/wineries-wines\/\",\"name\":\"Wineries &amp; wines - Chateau d&#039;Alen\u00e7on\",\"isPartOf\":{\"@id\":\"https:\/\/chateaudalencon.fr\/#website\"},\"datePublished\":\"2015-10-06T20:02:01+00:00\",\"breadcrumb\":{\"@id\":\"https:\/\/chateaudalencon.fr\/index.php\/wineries-wines\/#breadcrumb\"},\"inLanguage\":\"fr-FR\",\"potentialAction\":[{\"@type\":\"ReadAction\",\"target\":[\"https:\/\/chateaudalencon.fr\/index.php\/wineries-wines\/\"]}]},{\"@type\":\"BreadcrumbList\",\"@id\":\"https:\/\/chateaudalencon.fr\/index.php\/wineries-wines\/#breadcrumb\",\"itemListElement\":[{\"@type\":\"ListItem\",\"position\":1,\"name\":\"Accueil\",\"item\":\"https:\/\/chateaudalencon.fr\/index.php\/home_\/\"},{\"@type\":\"ListItem\",\"position\":2,\"name\":\"Wineries &amp; wines\"}]},{\"@type\":\"WebSite\",\"@id\":\"https:\/\/chateaudalencon.fr\/#website\",\"url\":\"https:\/\/chateaudalencon.fr\/\",\"name\":\"Chateau d'Alen\u00e7on\",\"description\":\"G\u00eete en Dr\u00f4me Proven\u00e7ale\",\"publisher\":{\"@id\":\"https:\/\/chateaudalencon.fr\/#organization\"},\"alternateName\":\"Gites du Chateau d'Alen\u00e7on\",\"potentialAction\":[{\"@type\":\"SearchAction\",\"target\":{\"@type\":\"EntryPoint\",\"urlTemplate\":\"https:\/\/chateaudalencon.fr\/?s={search_term_string}\"},\"query-input\":{\"@type\":\"PropertyValueSpecification\",\"valueRequired\":true,\"valueName\":\"search_term_string\"}}],\"inLanguage\":\"fr-FR\"},{\"@type\":\"Organization\",\"@id\":\"https:\/\/chateaudalencon.fr\/#organization\",\"name\":\"Gites du Chateau d'Alen\u00e7on\",\"url\":\"https:\/\/chateaudalencon.fr\/\",\"logo\":{\"@type\":\"ImageObject\",\"inLanguage\":\"fr-FR\",\"@id\":\"https:\/\/chateaudalencon.fr\/#\/schema\/logo\/image\/\",\"url\":\"https:\/\/chateaudalencon.fr\/wp-content\/uploads\/2015\/09\/cropped-Logo-Gite-de-France.png\",\"contentUrl\":\"https:\/\/chateaudalencon.fr\/wp-content\/uploads\/2015\/09\/cropped-Logo-Gite-de-France.png\",\"width\":512,\"height\":512,\"caption\":\"Gites du Chateau d'Alen\u00e7on\"},\"image\":{\"@id\":\"https:\/\/chateaudalencon.fr\/#\/schema\/logo\/image\/\"},\"sameAs\":[\"https:\/\/www.facebook.com\/gite.alencon\"]}]}<\/script>\n<!-- \/ Yoast SEO plugin. -->","yoast_head_json":{"title":"Wineries &amp; wines - Chateau d&#039;Alen\u00e7on","robots":{"index":"index","follow":"follow","max-snippet":"max-snippet:-1","max-image-preview":"max-image-preview:large","max-video-preview":"max-video-preview:-1"},"canonical":"https:\/\/chateaudalencon.fr\/index.php\/wineries-wines\/","og_locale":"fr_FR","og_type":"article","og_title":"Wineries &amp; wines - Chateau d&#039;Alen\u00e7on","og_description":"C\u00f4tes du Rh\u00f4ne, Grignan the Adhemars: they all perfumes, in connection with their land of origin, to breathe gently before Lire plus...","og_url":"https:\/\/chateaudalencon.fr\/index.php\/wineries-wines\/","og_site_name":"Chateau d&#039;Alen\u00e7on","article_publisher":"https:\/\/www.facebook.com\/gite.alencon","twitter_card":"summary_large_image","twitter_misc":{"Dur\u00e9e de lecture estim\u00e9e":"1 minute"},"schema":{"@context":"https:\/\/schema.org","@graph":[{"@type":"WebPage","@id":"https:\/\/chateaudalencon.fr\/index.php\/wineries-wines\/","url":"https:\/\/chateaudalencon.fr\/index.php\/wineries-wines\/","name":"Wineries &amp; wines - Chateau d&#039;Alen\u00e7on","isPartOf":{"@id":"https:\/\/chateaudalencon.fr\/#website"},"datePublished":"2015-10-06T20:02:01+00:00","breadcrumb":{"@id":"https:\/\/chateaudalencon.fr\/index.php\/wineries-wines\/#breadcrumb"},"inLanguage":"fr-FR","potentialAction":[{"@type":"ReadAction","target":["https:\/\/chateaudalencon.fr\/index.php\/wineries-wines\/"]}]},{"@type":"BreadcrumbList","@id":"https:\/\/chateaudalencon.fr\/index.php\/wineries-wines\/#breadcrumb","itemListElement":[{"@type":"ListItem","position":1,"name":"Accueil","item":"https:\/\/chateaudalencon.fr\/index.php\/home_\/"},{"@type":"ListItem","position":2,"name":"Wineries &amp; wines"}]},{"@type":"WebSite","@id":"https:\/\/chateaudalencon.fr\/#website","url":"https:\/\/chateaudalencon.fr\/","name":"Chateau d'Alen\u00e7on","description":"G\u00eete en Dr\u00f4me Proven\u00e7ale","publisher":{"@id":"https:\/\/chateaudalencon.fr\/#organization"},"alternateName":"Gites du Chateau d'Alen\u00e7on","potentialAction":[{"@type":"SearchAction","target":{"@type":"EntryPoint","urlTemplate":"https:\/\/chateaudalencon.fr\/?s={search_term_string}"},"query-input":{"@type":"PropertyValueSpecification","valueRequired":true,"valueName":"search_term_string"}}],"inLanguage":"fr-FR"},{"@type":"Organization","@id":"https:\/\/chateaudalencon.fr\/#organization","name":"Gites du Chateau d'Alen\u00e7on","url":"https:\/\/chateaudalencon.fr\/","logo":{"@type":"ImageObject","inLanguage":"fr-FR","@id":"https:\/\/chateaudalencon.fr\/#\/schema\/logo\/image\/","url":"https:\/\/chateaudalencon.fr\/wp-content\/uploads\/2015\/09\/cropped-Logo-Gite-de-France.png","contentUrl":"https:\/\/chateaudalencon.fr\/wp-content\/uploads\/2015\/09\/cropped-Logo-Gite-de-France.png","width":512,"height":512,"caption":"Gites du Chateau d'Alen\u00e7on"},"image":{"@id":"https:\/\/chateaudalencon.fr\/#\/schema\/logo\/image\/"},"sameAs":["https:\/\/www.facebook.com\/gite.alencon"]}]}},"_links":{"self":[{"href":"https:\/\/chateaudalencon.fr\/index.php\/wp-json\/wp\/v2\/pages\/605","targetHints":{"allow":["GET"]}}],"collection":[{"href":"https:\/\/chateaudalencon.fr\/index.php\/wp-json\/wp\/v2\/pages"}],"about":[{"href":"https:\/\/chateaudalencon.fr\/index.php\/wp-json\/wp\/v2\/types\/page"}],"author":[{"embeddable":true,"href":"https:\/\/chateaudalencon.fr\/index.php\/wp-json\/wp\/v2\/users\/1"}],"replies":[{"embeddable":true,"href":"https:\/\/chateaudalencon.fr\/index.php\/wp-json\/wp\/v2\/comments?post=605"}],"version-history":[{"count":0,"href":"https:\/\/chateaudalencon.fr\/index.php\/wp-json\/wp\/v2\/pages\/605\/revisions"}],"wp:attachment":[{"href":"https:\/\/chateaudalencon.fr\/index.php\/wp-json\/wp\/v2\/media?parent=605"}],"curies":[{"name":"wp","href":"https:\/\/api.w.org\/{rel}","templated":true}]}}