{"id":59,"date":"2015-09-25T19:03:20","date_gmt":"2015-09-25T19:03:20","guid":{"rendered":"http:\/\/chateaudalencon.fr\/?page_id=59"},"modified":"2025-06-12T20:43:06","modified_gmt":"2025-06-12T20:43:06","slug":"gastronomie","status":"publish","type":"page","link":"https:\/\/chateaudalencon.fr\/index.php\/activites\/gastronomie\/","title":{"rendered":"Gastronomie"},"content":{"rendered":"<p>Pour nous, amour \u00a0du pays rime avec gastronomie!<\/p>\n<p>Si vous \u00eates, comme nous, amateurs de bons repas, profitez de petits restaurants \u00e0 des prix plus qu&rsquo;abordables pour passer des bons moments en famille ou entres amis&#8230;<\/p>\n\n\n<p><\/p>\n\n\n\n<p><a href=\"https:\/\/www.pizzeriachaussongourmand.com\/\">\u00ab\u00a0<strong>Au chausson gourmand<\/strong>\u00ab\u00a0<\/a> au village<\/p>\n\n\n\n<p><a href=\"https:\/\/www.tripadvisor.fr\/Restaurant_Review-g1933285-d2254150-Reviews-Le_Cercle-Rousset_les_Vignes_Drome_Auvergne_Rhone_Alpes.html\">\u00ab\u00a0<strong>Le Cercle<\/strong>\u00ab\u00a0<\/a> \u00e0 Rousset-Les-Vignes<\/p>\n\n\n\n<p><a href=\"http:\/\/laromatique-visan.fr\/\"><strong>\u00ab\u00a0L&rsquo;Aromatique\u00a0\u00bb<\/strong><\/a> \u00e0 Visan<\/p>\n\n\n\n<p><strong><a href=\"https:\/\/www.dromeprovencale.fr\/restaurant\/le-verre-a-soie\/\">\u00ab\u00a0Le Verre \u00e0 Soie\u00a0\u00bb<\/a><\/strong> \u00e0 Nyons<\/p>\n\n\n\n<p><\/p>\n\n\n\n<p><\/p>\n","protected":false},"excerpt":{"rendered":"<p>Pour nous, amour \u00a0du pays rime avec gastronomie! Si vous \u00eates, comme nous, amateurs de bons repas, profitez de petits <a class=\"more-link\" href=\"https:\/\/chateaudalencon.fr\/index.php\/activites\/gastronomie\/\">Lire plus&#8230;<\/a><\/p>\n","protected":false},"author":1,"featured_media":215,"parent":39,"menu_order":0,"comment_status":"closed","ping_status":"closed","template":"","meta":{"footnotes":""},"class_list":["post-59","page","type-page","status-publish","has-post-thumbnail","hentry"],"yoast_head":"<!-- This site is optimized with the Yoast SEO plugin v25.3 - https:\/\/yoast.com\/wordpress\/plugins\/seo\/ -->\n<title>Gastronomie - Chateau d&#039;Alen\u00e7on<\/title>\n<meta name=\"robots\" content=\"index, follow, max-snippet:-1, max-image-preview:large, max-video-preview:-1\" \/>\n<link rel=\"canonical\" href=\"https:\/\/chateaudalencon.fr\/index.php\/activites\/gastronomie\/\" \/>\n<meta property=\"og:locale\" content=\"fr_FR\" \/>\n<meta property=\"og:type\" content=\"article\" \/>\n<meta property=\"og:title\" content=\"Gastronomie - Chateau d&#039;Alen\u00e7on\" \/>\n<meta property=\"og:description\" content=\"Pour nous, amour \u00a0du pays rime avec gastronomie! Si vous \u00eates, comme nous, amateurs de bons repas, profitez de petits Lire plus...\" \/>\n<meta property=\"og:url\" content=\"https:\/\/chateaudalencon.fr\/index.php\/activites\/gastronomie\/\" \/>\n<meta property=\"og:site_name\" content=\"Chateau d&#039;Alen\u00e7on\" \/>\n<meta property=\"article:publisher\" content=\"https:\/\/www.facebook.com\/gite.alencon\" \/>\n<meta property=\"article:modified_time\" content=\"2025-06-12T20:43:06+00:00\" \/>\n<meta property=\"og:image\" content=\"https:\/\/chateaudalencon.fr\/wp-content\/uploads\/2015\/09\/terroir1.jpg\" \/>\n\t<meta property=\"og:image:width\" content=\"1700\" \/>\n\t<meta property=\"og:image:height\" content=\"850\" \/>\n\t<meta property=\"og:image:type\" content=\"image\/jpeg\" \/>\n<meta name=\"twitter:card\" content=\"summary_large_image\" \/>\n<meta name=\"twitter:label1\" content=\"Dur\u00e9e de lecture estim\u00e9e\" \/>\n\t<meta name=\"twitter:data1\" content=\"1 minute\" \/>\n<script type=\"application\/ld+json\" class=\"yoast-schema-graph\">{\"@context\":\"https:\/\/schema.org\",\"@graph\":[{\"@type\":\"WebPage\",\"@id\":\"https:\/\/chateaudalencon.fr\/index.php\/activites\/gastronomie\/\",\"url\":\"https:\/\/chateaudalencon.fr\/index.php\/activites\/gastronomie\/\",\"name\":\"Gastronomie - Chateau d&#039;Alen\u00e7on\",\"isPartOf\":{\"@id\":\"https:\/\/chateaudalencon.fr\/#website\"},\"primaryImageOfPage\":{\"@id\":\"https:\/\/chateaudalencon.fr\/index.php\/activites\/gastronomie\/#primaryimage\"},\"image\":{\"@id\":\"https:\/\/chateaudalencon.fr\/index.php\/activites\/gastronomie\/#primaryimage\"},\"thumbnailUrl\":\"https:\/\/chateaudalencon.fr\/wp-content\/uploads\/2015\/09\/terroir1.jpg\",\"datePublished\":\"2015-09-25T19:03:20+00:00\",\"dateModified\":\"2025-06-12T20:43:06+00:00\",\"breadcrumb\":{\"@id\":\"https:\/\/chateaudalencon.fr\/index.php\/activites\/gastronomie\/#breadcrumb\"},\"inLanguage\":\"fr-FR\",\"potentialAction\":[{\"@type\":\"ReadAction\",\"target\":[\"https:\/\/chateaudalencon.fr\/index.php\/activites\/gastronomie\/\"]}]},{\"@type\":\"ImageObject\",\"inLanguage\":\"fr-FR\",\"@id\":\"https:\/\/chateaudalencon.fr\/index.php\/activites\/gastronomie\/#primaryimage\",\"url\":\"https:\/\/chateaudalencon.fr\/wp-content\/uploads\/2015\/09\/terroir1.jpg\",\"contentUrl\":\"https:\/\/chateaudalencon.fr\/wp-content\/uploads\/2015\/09\/terroir1.jpg\",\"width\":1700,\"height\":850},{\"@type\":\"BreadcrumbList\",\"@id\":\"https:\/\/chateaudalencon.fr\/index.php\/activites\/gastronomie\/#breadcrumb\",\"itemListElement\":[{\"@type\":\"ListItem\",\"position\":1,\"name\":\"Accueil\",\"item\":\"https:\/\/chateaudalencon.fr\/index.php\/home_\/\"},{\"@type\":\"ListItem\",\"position\":2,\"name\":\"Activit\u00e9s\",\"item\":\"https:\/\/chateaudalencon.fr\/index.php\/activites\/\"},{\"@type\":\"ListItem\",\"position\":3,\"name\":\"Gastronomie\"}]},{\"@type\":\"WebSite\",\"@id\":\"https:\/\/chateaudalencon.fr\/#website\",\"url\":\"https:\/\/chateaudalencon.fr\/\",\"name\":\"Chateau d'Alen\u00e7on\",\"description\":\"G\u00eete en Dr\u00f4me Proven\u00e7ale\",\"publisher\":{\"@id\":\"https:\/\/chateaudalencon.fr\/#organization\"},\"alternateName\":\"Gites du Chateau d'Alen\u00e7on\",\"potentialAction\":[{\"@type\":\"SearchAction\",\"target\":{\"@type\":\"EntryPoint\",\"urlTemplate\":\"https:\/\/chateaudalencon.fr\/?s={search_term_string}\"},\"query-input\":{\"@type\":\"PropertyValueSpecification\",\"valueRequired\":true,\"valueName\":\"search_term_string\"}}],\"inLanguage\":\"fr-FR\"},{\"@type\":\"Organization\",\"@id\":\"https:\/\/chateaudalencon.fr\/#organization\",\"name\":\"Gites du Chateau d'Alen\u00e7on\",\"url\":\"https:\/\/chateaudalencon.fr\/\",\"logo\":{\"@type\":\"ImageObject\",\"inLanguage\":\"fr-FR\",\"@id\":\"https:\/\/chateaudalencon.fr\/#\/schema\/logo\/image\/\",\"url\":\"https:\/\/chateaudalencon.fr\/wp-content\/uploads\/2015\/09\/cropped-Logo-Gite-de-France.png\",\"contentUrl\":\"https:\/\/chateaudalencon.fr\/wp-content\/uploads\/2015\/09\/cropped-Logo-Gite-de-France.png\",\"width\":512,\"height\":512,\"caption\":\"Gites du Chateau d'Alen\u00e7on\"},\"image\":{\"@id\":\"https:\/\/chateaudalencon.fr\/#\/schema\/logo\/image\/\"},\"sameAs\":[\"https:\/\/www.facebook.com\/gite.alencon\"]}]}<\/script>\n<!-- \/ Yoast SEO plugin. -->","yoast_head_json":{"title":"Gastronomie - Chateau d&#039;Alen\u00e7on","robots":{"index":"index","follow":"follow","max-snippet":"max-snippet:-1","max-image-preview":"max-image-preview:large","max-video-preview":"max-video-preview:-1"},"canonical":"https:\/\/chateaudalencon.fr\/index.php\/activites\/gastronomie\/","og_locale":"fr_FR","og_type":"article","og_title":"Gastronomie - Chateau d&#039;Alen\u00e7on","og_description":"Pour nous, amour \u00a0du pays rime avec gastronomie! Si vous \u00eates, comme nous, amateurs de bons repas, profitez de petits Lire plus...","og_url":"https:\/\/chateaudalencon.fr\/index.php\/activites\/gastronomie\/","og_site_name":"Chateau d&#039;Alen\u00e7on","article_publisher":"https:\/\/www.facebook.com\/gite.alencon","article_modified_time":"2025-06-12T20:43:06+00:00","og_image":[{"width":1700,"height":850,"url":"https:\/\/chateaudalencon.fr\/wp-content\/uploads\/2015\/09\/terroir1.jpg","type":"image\/jpeg"}],"twitter_card":"summary_large_image","twitter_misc":{"Dur\u00e9e de lecture estim\u00e9e":"1 minute"},"schema":{"@context":"https:\/\/schema.org","@graph":[{"@type":"WebPage","@id":"https:\/\/chateaudalencon.fr\/index.php\/activites\/gastronomie\/","url":"https:\/\/chateaudalencon.fr\/index.php\/activites\/gastronomie\/","name":"Gastronomie - Chateau d&#039;Alen\u00e7on","isPartOf":{"@id":"https:\/\/chateaudalencon.fr\/#website"},"primaryImageOfPage":{"@id":"https:\/\/chateaudalencon.fr\/index.php\/activites\/gastronomie\/#primaryimage"},"image":{"@id":"https:\/\/chateaudalencon.fr\/index.php\/activites\/gastronomie\/#primaryimage"},"thumbnailUrl":"https:\/\/chateaudalencon.fr\/wp-content\/uploads\/2015\/09\/terroir1.jpg","datePublished":"2015-09-25T19:03:20+00:00","dateModified":"2025-06-12T20:43:06+00:00","breadcrumb":{"@id":"https:\/\/chateaudalencon.fr\/index.php\/activites\/gastronomie\/#breadcrumb"},"inLanguage":"fr-FR","potentialAction":[{"@type":"ReadAction","target":["https:\/\/chateaudalencon.fr\/index.php\/activites\/gastronomie\/"]}]},{"@type":"ImageObject","inLanguage":"fr-FR","@id":"https:\/\/chateaudalencon.fr\/index.php\/activites\/gastronomie\/#primaryimage","url":"https:\/\/chateaudalencon.fr\/wp-content\/uploads\/2015\/09\/terroir1.jpg","contentUrl":"https:\/\/chateaudalencon.fr\/wp-content\/uploads\/2015\/09\/terroir1.jpg","width":1700,"height":850},{"@type":"BreadcrumbList","@id":"https:\/\/chateaudalencon.fr\/index.php\/activites\/gastronomie\/#breadcrumb","itemListElement":[{"@type":"ListItem","position":1,"name":"Accueil","item":"https:\/\/chateaudalencon.fr\/index.php\/home_\/"},{"@type":"ListItem","position":2,"name":"Activit\u00e9s","item":"https:\/\/chateaudalencon.fr\/index.php\/activites\/"},{"@type":"ListItem","position":3,"name":"Gastronomie"}]},{"@type":"WebSite","@id":"https:\/\/chateaudalencon.fr\/#website","url":"https:\/\/chateaudalencon.fr\/","name":"Chateau d'Alen\u00e7on","description":"G\u00eete en Dr\u00f4me Proven\u00e7ale","publisher":{"@id":"https:\/\/chateaudalencon.fr\/#organization"},"alternateName":"Gites du Chateau d'Alen\u00e7on","potentialAction":[{"@type":"SearchAction","target":{"@type":"EntryPoint","urlTemplate":"https:\/\/chateaudalencon.fr\/?s={search_term_string}"},"query-input":{"@type":"PropertyValueSpecification","valueRequired":true,"valueName":"search_term_string"}}],"inLanguage":"fr-FR"},{"@type":"Organization","@id":"https:\/\/chateaudalencon.fr\/#organization","name":"Gites du Chateau d'Alen\u00e7on","url":"https:\/\/chateaudalencon.fr\/","logo":{"@type":"ImageObject","inLanguage":"fr-FR","@id":"https:\/\/chateaudalencon.fr\/#\/schema\/logo\/image\/","url":"https:\/\/chateaudalencon.fr\/wp-content\/uploads\/2015\/09\/cropped-Logo-Gite-de-France.png","contentUrl":"https:\/\/chateaudalencon.fr\/wp-content\/uploads\/2015\/09\/cropped-Logo-Gite-de-France.png","width":512,"height":512,"caption":"Gites du Chateau d'Alen\u00e7on"},"image":{"@id":"https:\/\/chateaudalencon.fr\/#\/schema\/logo\/image\/"},"sameAs":["https:\/\/www.facebook.com\/gite.alencon"]}]}},"_links":{"self":[{"href":"https:\/\/chateaudalencon.fr\/index.php\/wp-json\/wp\/v2\/pages\/59","targetHints":{"allow":["GET"]}}],"collection":[{"href":"https:\/\/chateaudalencon.fr\/index.php\/wp-json\/wp\/v2\/pages"}],"about":[{"href":"https:\/\/chateaudalencon.fr\/index.php\/wp-json\/wp\/v2\/types\/page"}],"author":[{"embeddable":true,"href":"https:\/\/chateaudalencon.fr\/index.php\/wp-json\/wp\/v2\/users\/1"}],"replies":[{"embeddable":true,"href":"https:\/\/chateaudalencon.fr\/index.php\/wp-json\/wp\/v2\/comments?post=59"}],"version-history":[{"count":6,"href":"https:\/\/chateaudalencon.fr\/index.php\/wp-json\/wp\/v2\/pages\/59\/revisions"}],"predecessor-version":[{"id":1243,"href":"https:\/\/chateaudalencon.fr\/index.php\/wp-json\/wp\/v2\/pages\/59\/revisions\/1243"}],"up":[{"embeddable":true,"href":"https:\/\/chateaudalencon.fr\/index.php\/wp-json\/wp\/v2\/pages\/39"}],"wp:featuredmedia":[{"embeddable":true,"href":"https:\/\/chateaudalencon.fr\/index.php\/wp-json\/wp\/v2\/media\/215"}],"wp:attachment":[{"href":"https:\/\/chateaudalencon.fr\/index.php\/wp-json\/wp\/v2\/media?parent=59"}],"curies":[{"name":"wp","href":"https:\/\/api.w.org\/{rel}","templated":true}]}}