{"id":548,"date":"2015-09-26T09:15:19","date_gmt":"2015-09-26T09:15:19","guid":{"rendered":"http:\/\/chateaudalencon.fr\/?page_id=127"},"modified":"2021-03-04T21:36:53","modified_gmt":"2021-03-04T21:36:53","slug":"carp-diem","status":"publish","type":"page","link":"https:\/\/chateaudalencon.fr\/index.php\/farm\/carp-diem\/","title":{"rendered":"The Carpe Diem Cottage"},"content":{"rendered":"<p>Located on the ground floor and exposed to the south in the courtyard of the castle, Carpe Diem is the ideal cottage for 4 to 6 people.<\/p>\n<p>Its very functional kitchen, open to the garden, makes it very pleasant with young children&#8230;<\/p>\n<p>You&#39;ll find:<\/p>\n<ul>\n<li>Two beautiful double bedrooms (2 bedrooms with 140&#215;190 beds).<\/li>\n<li>A pleasant living room\/stay (convertible sofa in 140&#215;190 bed, TV, Hifi).<\/li>\n<li>A fully equipped kitchen (refrigerator, dishwasher, windows, oven, filter coffee maker and Nespresso coffee maker, as well as all the utensils needed to cook you good dishes &#8230;) with direct access to the flowery terrace and garnished with aromas &#8230;<\/li>\n<li>A bathroom with Italian shower and large corner bathtub.<\/li>\n<li>A laundry room with washing machine (table and iron) and freezer<\/li>\n<li>A perfectly exposed terrace with its wrought iron arbor for your naps and shady meals, as well as barbecue, garden lounge, sunbeds.<\/li>\n<\/ul>\n<p>Carpe Diem is a &quot;baby fr<em>iendly&quot; cotta<\/em>ge, our two children grew up there serenely and learned to walk in the courtyard of the castle&#8230; We can therefore offer childcare equipment such as: cot and mattress, high chair, small bathtub, chest with children&#39;s games, pot, walking&#8230;<\/p>\n<p>\u00a0<\/p>\n\n\n<div class=\"b24bookingbutton\"><form  method='GET' action='https:\/\/beds24.com\/booking.php' target='_blank' style='display:inline'><input type='submit' value='Book online'  style= \"width: auto; height: auto; text-shadow: 0 -1px 1px rgba(0, 0, 0, 0.1); -webkit-box-shadow: 0px 0px 1px #777777; -moz-box-shadow: 0px 0px 1px #777777; box-shadow: 0px 0px 1px #777777; cursor: pointer; display: inline-block; font-size: 24px; font-weight: bold;  padding: 10px; position: relative; text-align: center; font-family: inherit; background: #339900; background: -moz-linear-gradient(top, #66cc00, #339900); background: -webkit-gradient(linear, left top, left bottom, from(#66cc00), to(#339900)); background: -webkit-linear-gradient(top, #66cc00, #339900); background: -o-linear-gradient(top, #66cc00, #339900); background: linear-gradient(top, #66cc00, #339900); filter: progid:DXImageTransform.Microsoft.gradient(startColorstr='#66cc00', endColorstr='#339900'); border: 1px solid #339900; color: #ffffff;\"><input type='hidden' name='propid' value='127947'><input type='hidden' name='type' value='0'><input type='hidden' name='referer' value='BookingButton'><\/form><\/div>\n\n\n<div id=\"grid-gallery-2-46198\" data-gg-id=\"2\" data-title=\"Carpe Diem\" data-grid-type=\"2\" data-offset=\"5.3\" data-area-position=\"center\" data-icons=\"\" data-preloader=\"\" data-width=\"auto\" data-height=\"215\" data-padding=\"\" data-quicksand=\"disabled\" data-quicksand-duration=\"none\" data-popup-theme=\"theme_6\" data-popup-type=\"pretty-photo\" data-popup-image-text=\"title\" data-popup-widthsize=\"auto\" data-popup-heightsize=\"auto\" data-popup-i18n-words=\"{&quot;close&quot;:&quot;fermer&quot;,&quot;next&quot;:&quot;suivant&quot;,&quot;previous&quot;:&quot;pr\\u00e9c\\u00e9dent&quot;,&quot;start_slideshow&quot;:&quot;d\\u00e9marrer le diaporama&quot;,&quot;stop_slideshow&quot;:&quot;arr\\u00e9ter le diaporama&quot;,&quot;image&quot;:&quot;image&quot;,&quot;of&quot;:&quot;de&quot;,&quot;prev&quot;:&quot;pr\\u00e9c.&quot;,&quot;cExpand&quot;:&quot;Agrandir&quot;,&quot;cPrevious&quot;:&quot;Pr\\u00e9c\\u00e9dent&quot;,&quot;cNext&quot;:&quot;Suivant&quot;,&quot;cExpandStr&quot;:&quot;Agrandir l&#039;image&quot;,&quot;cRotate&quot;:&quot;Pivoter&quot;,&quot;cDetails&quot;:&quot;Details&quot;}\" data-popup-slideshow=\"true\" data-popup-slideshow-speed=\"2500\" data-popup-hoverstop=\"true\" data-popup-slideshow-auto=\"true\" data-popup-background=\"\" data-popup-transparency=\"30\" data-popup-disable-history=\"\" data-popup-disable-changed-url=\"\" data-popup-border-type=\"\" data-popup-border-color=\"\" data-popup-border-width=\"\" data-popup-border-enable=\"\" data-fullscreen=\"false\" data-hide-tooltip=\"false\" data-caption-font-family=\"Abel\" data-caption-text-size=\"140\" data-is-mobile=\"0\" data-caption-mobile=\"false\" data-hide-long-tltp-title=\"0\" data-caption-disabled-on-mobile=\"false\" data-popup-placement-type=\"0\" data-social-sharing=\"{&quot;enabled&quot;:null,&quot;gallerySharing&quot;:{&quot;enabled&quot;:null,&quot;position&quot;:null},&quot;imageSharing&quot;:{&quot;enabled&quot;:null,&quot;wrapperClass&quot;:&quot; vertical &quot;},&quot;popupSharing&quot;:{&quot;enabled&quot;:null,&quot;wrapperClass&quot;:&quot; vertical &quot;}}\" class=\"grid-gallery grid-gallery-fixed \" style=\" width:110%; height:auto; margin-left:auto; margin-right:auto;position:relative;\"> <div class=\"gallery-loading\"> <div class=\"blocks\"> <div class=\"block\"><\/div> <div class=\"block\"><\/div> <div class=\"block\"><\/div> <div class=\"block\"><\/div> <\/div> <\/div> <div class=\"gallery-sharing-top\" style=\"display:none;\"> <\/div> <div id=\"photos-2\" class=\"grid-gallery-photos\"><FIGURE class=\"grid-gallery-caption\" data-grid-gallery-type=\"quarter-two-step\" data-index=\"0\" style=\"display:none;border-radius:200;; margin:2.65px; height:2150; width:auto;\" ><div class=\"crop\" style=\"\"><img decoding=\"async\" src=\"http:\/\/chateaudalencon.fr\/wp-content\/uploads\/2019\/06\/DSC_9583-324x215.jpg\" class=\"ggImg ggNotInitImg\" alt=\"DSC_9583\" title=\"DSC_9583\" data-description=\"DSC_9583\" data-caption=\"chambre double 1x140\" data-title=\"DSC_9583\" style=\" height:215px; width:auto;\" \/><\/div><FIGCAPTION class=\"\" data-alpha=\"5\" style=\"color:#ffffff; background-color:#000000; font-size:140; text-align:left; font-family:Abel;\" ><div class=\"grid-gallery-figcaption-wrap\" style=\"\"><\/div><\/FIGCAPTION><\/FIGURE><FIGURE class=\"grid-gallery-caption\" data-grid-gallery-type=\"quarter-two-step\" data-index=\"1\" style=\"display:none;border-radius:200;; margin:2.65px; height:2150; width:auto;\" ><div class=\"crop\" style=\"\"><img decoding=\"async\" src=\"http:\/\/chateaudalencon.fr\/wp-content\/uploads\/2019\/06\/DSC_9575-324x215.jpg\" class=\"ggImg ggNotInitImg\" alt=\"DSC_9575\" title=\"DSC_9575\" data-description=\"DSC_9575\" data-caption=\"salon\" data-title=\"DSC_9575\" style=\" height:215px; width:auto;\" \/><\/div><FIGCAPTION class=\"\" data-alpha=\"5\" style=\"color:#ffffff; background-color:#000000; font-size:140; text-align:left; font-family:Abel;\" ><div class=\"grid-gallery-figcaption-wrap\" style=\"\"><\/div><\/FIGCAPTION><\/FIGURE><FIGURE class=\"grid-gallery-caption\" data-grid-gallery-type=\"quarter-two-step\" data-index=\"2\" style=\"display:none;border-radius:200;; margin:2.65px; height:2150; width:auto;\" ><div class=\"crop\" style=\"\"><img decoding=\"async\" src=\"http:\/\/chateaudalencon.fr\/wp-content\/uploads\/2019\/06\/DSC_9611-324x215.jpg\" class=\"ggImg ggNotInitImg\" alt=\"DSC_9611\" title=\"DSC_9611\" data-description=\"DSC_9611\" data-caption=\"terrasse donnant dans la cour du chateau\" data-title=\"DSC_9611\" style=\" height:215px; width:auto;\" \/><\/div><FIGCAPTION class=\"\" data-alpha=\"5\" style=\"color:#ffffff; background-color:#000000; font-size:140; text-align:left; font-family:Abel;\" ><div class=\"grid-gallery-figcaption-wrap\" style=\"\"><\/div><\/FIGCAPTION><\/FIGURE><FIGURE class=\"grid-gallery-caption\" data-grid-gallery-type=\"quarter-two-step\" data-index=\"3\" style=\"display:none;border-radius:200;; margin:2.65px; height:2150; width:auto;\" ><div class=\"crop\" style=\"\"><img decoding=\"async\" src=\"http:\/\/chateaudalencon.fr\/wp-content\/uploads\/2019\/06\/DSC_3632-324x215.jpg\" class=\"ggImg ggNotInitImg\" alt=\"DSC_3632\" title=\"DSC_3632\" data-description=\"DSC_3632\" data-caption=\"Lavandes en fleur devant le chateau\" data-title=\"DSC_3632\" style=\" height:215px; width:auto;\" \/><\/div><FIGCAPTION class=\"\" data-alpha=\"5\" style=\"color:#ffffff; background-color:#000000; font-size:140; text-align:left; font-family:Abel;\" ><div class=\"grid-gallery-figcaption-wrap\" style=\"\"><\/div><\/FIGCAPTION><\/FIGURE><FIGURE class=\"grid-gallery-caption\" data-grid-gallery-type=\"quarter-two-step\" data-index=\"4\" style=\"display:none;border-radius:200;; margin:2.65px; height:2150; width:auto;\" ><div class=\"crop\" style=\"\"><img decoding=\"async\" src=\"http:\/\/chateaudalencon.fr\/wp-content\/uploads\/2019\/06\/20180703_143508-523x215.jpg\" class=\"ggImg ggNotInitImg\" alt=\"20180703_143508\" title=\"20180703_143508\" data-description=\"20180703_143508\" data-caption=\"cuisine \u00e9uip\u00e9e donnant sur terrasse\" data-title=\"20180703_143508\" style=\" height:215px; width:auto;\" \/><\/div><FIGCAPTION class=\"\" data-alpha=\"5\" style=\"color:#ffffff; background-color:#000000; font-size:140; text-align:left; font-family:Abel;\" ><div class=\"grid-gallery-figcaption-wrap\" style=\"\"><\/div><\/FIGCAPTION><\/FIGURE><FIGURE class=\"grid-gallery-caption\" data-grid-gallery-type=\"quarter-two-step\" data-index=\"5\" style=\"display:none;border-radius:200;; margin:2.65px; height:2150; width:auto;\" ><div class=\"crop\" style=\"\"><img decoding=\"async\" src=\"http:\/\/chateaudalencon.fr\/wp-content\/uploads\/2019\/06\/DSC_9627-324x215.jpg\" class=\"ggImg ggNotInitImg\" alt=\"DSC_9627\" title=\"DSC_9627\" data-description=\"DSC_9627\" data-caption=\"terrasse fleurie et ombrag\u00e9e\" data-title=\"DSC_9627\" style=\" height:215px; width:auto;\" \/><\/div><FIGCAPTION class=\"\" data-alpha=\"5\" style=\"color:#ffffff; background-color:#000000; font-size:140; text-align:left; font-family:Abel;\" ><div class=\"grid-gallery-figcaption-wrap\" style=\"\"><\/div><\/FIGCAPTION><\/FIGURE><FIGURE class=\"grid-gallery-caption\" data-grid-gallery-type=\"quarter-two-step\" data-index=\"6\" style=\"display:none;border-radius:200;; margin:2.65px; height:2150; width:auto;\" ><div class=\"crop\" style=\"\"><img decoding=\"async\" src=\"http:\/\/chateaudalencon.fr\/wp-content\/uploads\/2015\/09\/DSC_4214-324x215.jpg\" class=\"ggImg ggNotInitImg\" alt=\"DSC_4214\" title=\"DSC_4214\" data-description=\"DSC_4214\" data-caption=\"Terrasse fleurie et garnie d&amp;#039;herbes aromatiques\" data-title=\"DSC_4214\" style=\" height:215px; width:auto;\" \/><\/div><FIGCAPTION class=\"\" data-alpha=\"5\" style=\"color:#ffffff; background-color:#000000; font-size:140; text-align:left; font-family:Abel;\" ><div class=\"grid-gallery-figcaption-wrap\" style=\"\"><\/div><\/FIGCAPTION><\/FIGURE><FIGURE class=\"grid-gallery-caption\" data-grid-gallery-type=\"quarter-two-step\" data-index=\"7\" style=\"display:none;border-radius:200;; margin:2.65px; height:2150; width:auto;\" ><div class=\"crop\" style=\"\"><img decoding=\"async\" src=\"http:\/\/chateaudalencon.fr\/wp-content\/uploads\/2019\/06\/DSC_9598-2-324x215.jpg\" class=\"ggImg ggNotInitImg\" alt=\"DSC_3735\" title=\"DSC_9598-2\" data-description=\"DSC_9598-2\" data-caption=\"Chambre double 1x140\" data-title=\"DSC_9598-2\" style=\" height:215px; width:auto;\" \/><\/div><FIGCAPTION class=\"\" data-alpha=\"5\" style=\"color:#ffffff; background-color:#000000; font-size:140; text-align:left; font-family:Abel;\" ><div class=\"grid-gallery-figcaption-wrap\" style=\"\"><\/div><\/FIGCAPTION><\/FIGURE><FIGURE class=\"grid-gallery-caption\" data-grid-gallery-type=\"quarter-two-step\" data-index=\"8\" style=\"display:none;border-radius:200;; margin:2.65px; height:2150; width:auto;\" ><div class=\"crop\" style=\"\"><img decoding=\"async\" src=\"http:\/\/chateaudalencon.fr\/wp-content\/uploads\/2015\/09\/DSC_3795-324x215.jpg\" class=\"ggImg ggNotInitImg\" alt=\"DSC_3795\" title=\"DSC_3795\" data-description=\"DSC_3795\" data-caption=\"cuisine ouverte sur terrasse de plein pied\" data-title=\"DSC_3795\" style=\" height:215px; width:auto;\" \/><\/div><FIGCAPTION class=\"\" data-alpha=\"5\" style=\"color:#ffffff; background-color:#000000; font-size:140; text-align:left; font-family:Abel;\" ><div class=\"grid-gallery-figcaption-wrap\" style=\"\"><\/div><\/FIGCAPTION><\/FIGURE><FIGURE class=\"grid-gallery-caption\" data-grid-gallery-type=\"quarter-two-step\" data-index=\"9\" style=\"display:none;border-radius:200;; margin:2.65px; height:2150; width:auto;\" ><div class=\"crop\" style=\"\"><img decoding=\"async\" src=\"http:\/\/chateaudalencon.fr\/wp-content\/uploads\/2015\/09\/cropped-DSC_3779-501x215.jpg\" class=\"ggImg ggNotInitImg\" alt=\"cropped-DSC_3779.jpg\" title=\"http:\/\/chateaudalencon.fr\/wp-content\/uploads\/2015\/09\/cropped-DSC_3779.jpg\" data-description=\"http:\/\/chateaudalencon.fr\/wp-content\/uploads\/2015\/09\/cropped-DSC_3779.jpg\" data-caption=\"soir d&amp;#039;\u00e9t\u00e9 \u00e0 Carpe Diem\" data-title=\"cropped-DSC_3779.jpg\" style=\" height:215px; width:auto;\" \/><\/div><FIGCAPTION class=\"\" data-alpha=\"5\" style=\"color:#ffffff; background-color:#000000; font-size:140; text-align:left; font-family:Abel;\" ><div class=\"grid-gallery-figcaption-wrap\" style=\"\"><\/div><\/FIGCAPTION><\/FIGURE><FIGURE class=\"grid-gallery-caption\" data-grid-gallery-type=\"quarter-two-step\" data-index=\"10\" style=\"display:none;border-radius:200;; margin:2.65px; height:2150; width:auto;\" ><div class=\"crop\" style=\"\"><img decoding=\"async\" src=\"http:\/\/chateaudalencon.fr\/wp-content\/uploads\/2019\/06\/DSC_9567-1-324x215.jpg\" class=\"ggImg ggNotInitImg\" alt=\"DSC_3691\" title=\"DSC_9567-1\" data-description=\"DSC_9567-1\" data-caption=\"Salon ouvert sur la cuisine\" data-title=\"DSC_9567-1\" style=\" height:215px; width:auto;\" \/><\/div><FIGCAPTION class=\"\" data-alpha=\"5\" style=\"color:#ffffff; background-color:#000000; font-size:140; text-align:left; font-family:Abel;\" ><div class=\"grid-gallery-figcaption-wrap\" style=\"\"><\/div><\/FIGCAPTION><\/FIGURE> <div class=\"grid-gallery-clearfix\"><\/div> <\/div> <div class=\"gallery-sharing-bottom\" style=\"display:none;\"> <\/div> <div class=\"gallery-sharing-image\" style=\"display:none;\"> <\/div> <div class=\"gallery-sharing-popup\" style=\"display:none;\"> <\/div> <div class=\"grid-gallery-clearfix\"><\/div> <\/div> <!-- Gallery by Supsystic plugin1.15.30 --><a title=\"Gallery Wordpress\" style=\"display:none;\" href=\"https:\/\/supsystic.com\/plugins\/photo-gallery\/?utm_medium=love_link\" target=\"_blank\">Gallery Wordpress<\/a>\n","protected":false},"excerpt":{"rendered":"<p>Located on the ground floor and exposed to the south in the courtyard of the castle, Carpe Diem is the <a class=\"more-link\" href=\"https:\/\/chateaudalencon.fr\/index.php\/farm\/carp-diem\/\">Lire plus&#8230;<\/a><\/p>\n","protected":false},"author":1,"featured_media":0,"parent":546,"menu_order":0,"comment_status":"closed","ping_status":"closed","template":"","meta":{"footnotes":""},"class_list":["post-548","page","type-page","status-publish","hentry"],"yoast_head":"<!-- This site is optimized with the Yoast SEO plugin v25.3 - https:\/\/yoast.com\/wordpress\/plugins\/seo\/ -->\n<title>The Carpe Diem Cottage - Chateau d&#039;Alen\u00e7on<\/title>\n<meta name=\"robots\" content=\"index, follow, max-snippet:-1, max-image-preview:large, max-video-preview:-1\" \/>\n<link rel=\"canonical\" href=\"https:\/\/chateaudalencon.fr\/index.php\/farm\/carp-diem\/\" \/>\n<meta property=\"og:locale\" content=\"fr_FR\" \/>\n<meta property=\"og:type\" content=\"article\" \/>\n<meta property=\"og:title\" content=\"The Carpe Diem Cottage - Chateau d&#039;Alen\u00e7on\" \/>\n<meta property=\"og:description\" content=\"Located on the ground floor and exposed to the south in the courtyard of the castle, Carpe Diem is the Lire plus...\" \/>\n<meta property=\"og:url\" content=\"https:\/\/chateaudalencon.fr\/index.php\/farm\/carp-diem\/\" \/>\n<meta property=\"og:site_name\" content=\"Chateau d&#039;Alen\u00e7on\" \/>\n<meta property=\"article:publisher\" content=\"https:\/\/www.facebook.com\/gite.alencon\" \/>\n<meta property=\"article:modified_time\" content=\"2021-03-04T21:36:53+00:00\" \/>\n<meta name=\"twitter:card\" content=\"summary_large_image\" \/>\n<meta name=\"twitter:label1\" content=\"Dur\u00e9e de lecture estim\u00e9e\" \/>\n\t<meta name=\"twitter:data1\" content=\"1 minute\" \/>\n<script type=\"application\/ld+json\" class=\"yoast-schema-graph\">{\"@context\":\"https:\/\/schema.org\",\"@graph\":[{\"@type\":\"WebPage\",\"@id\":\"https:\/\/chateaudalencon.fr\/index.php\/farm\/carp-diem\/\",\"url\":\"https:\/\/chateaudalencon.fr\/index.php\/farm\/carp-diem\/\",\"name\":\"The Carpe Diem Cottage - Chateau d&#039;Alen\u00e7on\",\"isPartOf\":{\"@id\":\"https:\/\/chateaudalencon.fr\/#website\"},\"datePublished\":\"2015-09-26T09:15:19+00:00\",\"dateModified\":\"2021-03-04T21:36:53+00:00\",\"breadcrumb\":{\"@id\":\"https:\/\/chateaudalencon.fr\/index.php\/farm\/carp-diem\/#breadcrumb\"},\"inLanguage\":\"fr-FR\",\"potentialAction\":[{\"@type\":\"ReadAction\",\"target\":[\"https:\/\/chateaudalencon.fr\/index.php\/farm\/carp-diem\/\"]}]},{\"@type\":\"BreadcrumbList\",\"@id\":\"https:\/\/chateaudalencon.fr\/index.php\/farm\/carp-diem\/#breadcrumb\",\"itemListElement\":[{\"@type\":\"ListItem\",\"position\":1,\"name\":\"Accueil\",\"item\":\"https:\/\/chateaudalencon.fr\/index.php\/home_\/\"},{\"@type\":\"ListItem\",\"position\":2,\"name\":\"Lodgings\",\"item\":\"https:\/\/chateaudalencon.fr\/index.php\/farm\/\"},{\"@type\":\"ListItem\",\"position\":3,\"name\":\"The Carpe Diem Cottage\"}]},{\"@type\":\"WebSite\",\"@id\":\"https:\/\/chateaudalencon.fr\/#website\",\"url\":\"https:\/\/chateaudalencon.fr\/\",\"name\":\"Chateau d'Alen\u00e7on\",\"description\":\"G\u00eete en Dr\u00f4me Proven\u00e7ale\",\"publisher\":{\"@id\":\"https:\/\/chateaudalencon.fr\/#organization\"},\"alternateName\":\"Gites du Chateau d'Alen\u00e7on\",\"potentialAction\":[{\"@type\":\"SearchAction\",\"target\":{\"@type\":\"EntryPoint\",\"urlTemplate\":\"https:\/\/chateaudalencon.fr\/?s={search_term_string}\"},\"query-input\":{\"@type\":\"PropertyValueSpecification\",\"valueRequired\":true,\"valueName\":\"search_term_string\"}}],\"inLanguage\":\"fr-FR\"},{\"@type\":\"Organization\",\"@id\":\"https:\/\/chateaudalencon.fr\/#organization\",\"name\":\"Gites du Chateau d'Alen\u00e7on\",\"url\":\"https:\/\/chateaudalencon.fr\/\",\"logo\":{\"@type\":\"ImageObject\",\"inLanguage\":\"fr-FR\",\"@id\":\"https:\/\/chateaudalencon.fr\/#\/schema\/logo\/image\/\",\"url\":\"https:\/\/chateaudalencon.fr\/wp-content\/uploads\/2015\/09\/cropped-Logo-Gite-de-France.png\",\"contentUrl\":\"https:\/\/chateaudalencon.fr\/wp-content\/uploads\/2015\/09\/cropped-Logo-Gite-de-France.png\",\"width\":512,\"height\":512,\"caption\":\"Gites du Chateau d'Alen\u00e7on\"},\"image\":{\"@id\":\"https:\/\/chateaudalencon.fr\/#\/schema\/logo\/image\/\"},\"sameAs\":[\"https:\/\/www.facebook.com\/gite.alencon\"]}]}<\/script>\n<!-- \/ Yoast SEO plugin. -->","yoast_head_json":{"title":"The Carpe Diem Cottage - Chateau d&#039;Alen\u00e7on","robots":{"index":"index","follow":"follow","max-snippet":"max-snippet:-1","max-image-preview":"max-image-preview:large","max-video-preview":"max-video-preview:-1"},"canonical":"https:\/\/chateaudalencon.fr\/index.php\/farm\/carp-diem\/","og_locale":"fr_FR","og_type":"article","og_title":"The Carpe Diem Cottage - Chateau d&#039;Alen\u00e7on","og_description":"Located on the ground floor and exposed to the south in the courtyard of the castle, Carpe Diem is the Lire plus...","og_url":"https:\/\/chateaudalencon.fr\/index.php\/farm\/carp-diem\/","og_site_name":"Chateau d&#039;Alen\u00e7on","article_publisher":"https:\/\/www.facebook.com\/gite.alencon","article_modified_time":"2021-03-04T21:36:53+00:00","twitter_card":"summary_large_image","twitter_misc":{"Dur\u00e9e de lecture estim\u00e9e":"1 minute"},"schema":{"@context":"https:\/\/schema.org","@graph":[{"@type":"WebPage","@id":"https:\/\/chateaudalencon.fr\/index.php\/farm\/carp-diem\/","url":"https:\/\/chateaudalencon.fr\/index.php\/farm\/carp-diem\/","name":"The Carpe Diem Cottage - Chateau d&#039;Alen\u00e7on","isPartOf":{"@id":"https:\/\/chateaudalencon.fr\/#website"},"datePublished":"2015-09-26T09:15:19+00:00","dateModified":"2021-03-04T21:36:53+00:00","breadcrumb":{"@id":"https:\/\/chateaudalencon.fr\/index.php\/farm\/carp-diem\/#breadcrumb"},"inLanguage":"fr-FR","potentialAction":[{"@type":"ReadAction","target":["https:\/\/chateaudalencon.fr\/index.php\/farm\/carp-diem\/"]}]},{"@type":"BreadcrumbList","@id":"https:\/\/chateaudalencon.fr\/index.php\/farm\/carp-diem\/#breadcrumb","itemListElement":[{"@type":"ListItem","position":1,"name":"Accueil","item":"https:\/\/chateaudalencon.fr\/index.php\/home_\/"},{"@type":"ListItem","position":2,"name":"Lodgings","item":"https:\/\/chateaudalencon.fr\/index.php\/farm\/"},{"@type":"ListItem","position":3,"name":"The Carpe Diem Cottage"}]},{"@type":"WebSite","@id":"https:\/\/chateaudalencon.fr\/#website","url":"https:\/\/chateaudalencon.fr\/","name":"Chateau d'Alen\u00e7on","description":"G\u00eete en Dr\u00f4me Proven\u00e7ale","publisher":{"@id":"https:\/\/chateaudalencon.fr\/#organization"},"alternateName":"Gites du Chateau d'Alen\u00e7on","potentialAction":[{"@type":"SearchAction","target":{"@type":"EntryPoint","urlTemplate":"https:\/\/chateaudalencon.fr\/?s={search_term_string}"},"query-input":{"@type":"PropertyValueSpecification","valueRequired":true,"valueName":"search_term_string"}}],"inLanguage":"fr-FR"},{"@type":"Organization","@id":"https:\/\/chateaudalencon.fr\/#organization","name":"Gites du Chateau d'Alen\u00e7on","url":"https:\/\/chateaudalencon.fr\/","logo":{"@type":"ImageObject","inLanguage":"fr-FR","@id":"https:\/\/chateaudalencon.fr\/#\/schema\/logo\/image\/","url":"https:\/\/chateaudalencon.fr\/wp-content\/uploads\/2015\/09\/cropped-Logo-Gite-de-France.png","contentUrl":"https:\/\/chateaudalencon.fr\/wp-content\/uploads\/2015\/09\/cropped-Logo-Gite-de-France.png","width":512,"height":512,"caption":"Gites du Chateau d'Alen\u00e7on"},"image":{"@id":"https:\/\/chateaudalencon.fr\/#\/schema\/logo\/image\/"},"sameAs":["https:\/\/www.facebook.com\/gite.alencon"]}]}},"_links":{"self":[{"href":"https:\/\/chateaudalencon.fr\/index.php\/wp-json\/wp\/v2\/pages\/548","targetHints":{"allow":["GET"]}}],"collection":[{"href":"https:\/\/chateaudalencon.fr\/index.php\/wp-json\/wp\/v2\/pages"}],"about":[{"href":"https:\/\/chateaudalencon.fr\/index.php\/wp-json\/wp\/v2\/types\/page"}],"author":[{"embeddable":true,"href":"https:\/\/chateaudalencon.fr\/index.php\/wp-json\/wp\/v2\/users\/1"}],"replies":[{"embeddable":true,"href":"https:\/\/chateaudalencon.fr\/index.php\/wp-json\/wp\/v2\/comments?post=548"}],"version-history":[{"count":4,"href":"https:\/\/chateaudalencon.fr\/index.php\/wp-json\/wp\/v2\/pages\/548\/revisions"}],"predecessor-version":[{"id":1196,"href":"https:\/\/chateaudalencon.fr\/index.php\/wp-json\/wp\/v2\/pages\/548\/revisions\/1196"}],"up":[{"embeddable":true,"href":"https:\/\/chateaudalencon.fr\/index.php\/wp-json\/wp\/v2\/pages\/546"}],"wp:attachment":[{"href":"https:\/\/chateaudalencon.fr\/index.php\/wp-json\/wp\/v2\/media?parent=548"}],"curies":[{"name":"wp","href":"https:\/\/api.w.org\/{rel}","templated":true}]}}