{"id":4,"date":"2015-09-23T21:13:02","date_gmt":"2015-09-23T21:13:02","guid":{"rendered":"http:\/\/chateaudalencon.fr\/?page_id=4"},"modified":"2016-02-14T08:58:34","modified_gmt":"2016-02-14T08:58:34","slug":"bienvenue-au-chateau-dalencon","status":"publish","type":"page","link":"https:\/\/chateaudalencon.fr\/index.php\/bienvenue-au-chateau-dalencon\/","title":{"rendered":"Bienvenue au Ch\u00e2teau d&rsquo;Alen\u00e7on"},"content":{"rendered":"<p>L&rsquo;amoureux du pays ne vient chercher d&rsquo;autre agitation que celle des march\u00e9s, si odorants et color\u00e9s, ou du bistrot \u00e0 l\u2019ombre des tilleuls, \u00e0 l&rsquo;heure de l&rsquo;ap\u00e9ritif et des parties de p\u00e9tanque.<\/p>\n<p>En toute saison, les charmes de la Dr\u00f4me proven\u00e7ale s&rsquo;offrent g\u00e9n\u00e9reusement \u00e0 ceux qui prennent le temps de regarder, de toucher et de sentir&#8230;<\/p>\n<p>Si vous voulez profiter de la douceur de vivre de cette belle r\u00e9gion, faire votre footing du matin en respirant le doux parfum de garrigue, fl\u00e2ner au march\u00e9 o\u00f9 vous trouverez tous les produits r\u00e9gionaux que vous pourrez cuisiner le soir m\u00eame en famille ou entre amis\u2026<\/p>\n<p>Si vous voulez d\u00e9couvrir une r\u00e9gion o\u00f9 chaque village, perch\u00e9 sur sa colline ou perdu au milieu des vignobles, vous d\u00e9voile ses secrets de ruelle en ruelle, de cave en cave, de ferme en ferme&#8230;<\/p>\n<p>Si vous voulez flirter entre l\u2019envie d\u2019en profiter et de \u00ab\u00a0farniente\u00a0\u00bb, le g\u00eete du\u00a0Ch\u00e2teau d\u2019Alen\u00e7on vous ouvre ses portes&#8230;<\/p>\n","protected":false},"excerpt":{"rendered":"<p>L&rsquo;amoureux du pays ne vient chercher d&rsquo;autre agitation que celle des march\u00e9s, si odorants et color\u00e9s, ou du bistrot \u00e0 <a class=\"more-link\" href=\"https:\/\/chateaudalencon.fr\/index.php\/bienvenue-au-chateau-dalencon\/\">Lire plus&#8230;<\/a><\/p>\n","protected":false},"author":1,"featured_media":754,"parent":0,"menu_order":0,"comment_status":"closed","ping_status":"closed","template":"","meta":{"footnotes":""},"class_list":["post-4","page","type-page","status-publish","has-post-thumbnail","hentry"],"yoast_head":"<!-- This site is optimized with the Yoast SEO plugin v25.3 - https:\/\/yoast.com\/wordpress\/plugins\/seo\/ -->\n<title>Bienvenue au Ch\u00e2teau d&#039;Alen\u00e7on - Chateau d&#039;Alen\u00e7on<\/title>\n<meta name=\"robots\" content=\"index, follow, max-snippet:-1, max-image-preview:large, max-video-preview:-1\" \/>\n<link rel=\"canonical\" href=\"https:\/\/chateaudalencon.fr\/index.php\/bienvenue-au-chateau-dalencon\/\" \/>\n<meta property=\"og:locale\" content=\"fr_FR\" \/>\n<meta property=\"og:type\" content=\"article\" \/>\n<meta property=\"og:title\" content=\"Bienvenue au Ch\u00e2teau d&#039;Alen\u00e7on - Chateau d&#039;Alen\u00e7on\" \/>\n<meta property=\"og:description\" content=\"L&rsquo;amoureux du pays ne vient chercher d&rsquo;autre agitation que celle des march\u00e9s, si odorants et color\u00e9s, ou du bistrot \u00e0 Lire plus...\" \/>\n<meta property=\"og:url\" content=\"https:\/\/chateaudalencon.fr\/index.php\/bienvenue-au-chateau-dalencon\/\" \/>\n<meta property=\"og:site_name\" content=\"Chateau d&#039;Alen\u00e7on\" \/>\n<meta property=\"article:publisher\" content=\"https:\/\/www.facebook.com\/gite.alencon\" \/>\n<meta property=\"article:modified_time\" content=\"2016-02-14T08:58:34+00:00\" \/>\n<meta property=\"og:image\" content=\"https:\/\/chateaudalencon.fr\/wp-content\/uploads\/2016\/02\/Chateau-dAlencon-La-roche-saint-secret-1024x576.jpg\" \/>\n\t<meta property=\"og:image:width\" content=\"1024\" \/>\n\t<meta property=\"og:image:height\" content=\"576\" \/>\n\t<meta property=\"og:image:type\" content=\"image\/jpeg\" \/>\n<meta name=\"twitter:card\" content=\"summary_large_image\" \/>\n<meta name=\"twitter:label1\" content=\"Dur\u00e9e de lecture estim\u00e9e\" \/>\n\t<meta name=\"twitter:data1\" content=\"1 minute\" \/>\n<script type=\"application\/ld+json\" class=\"yoast-schema-graph\">{\"@context\":\"https:\/\/schema.org\",\"@graph\":[{\"@type\":\"WebPage\",\"@id\":\"https:\/\/chateaudalencon.fr\/index.php\/bienvenue-au-chateau-dalencon\/\",\"url\":\"https:\/\/chateaudalencon.fr\/index.php\/bienvenue-au-chateau-dalencon\/\",\"name\":\"Bienvenue au Ch\u00e2teau d'Alen\u00e7on - Chateau d&#039;Alen\u00e7on\",\"isPartOf\":{\"@id\":\"https:\/\/chateaudalencon.fr\/#website\"},\"primaryImageOfPage\":{\"@id\":\"https:\/\/chateaudalencon.fr\/index.php\/bienvenue-au-chateau-dalencon\/#primaryimage\"},\"image\":{\"@id\":\"https:\/\/chateaudalencon.fr\/index.php\/bienvenue-au-chateau-dalencon\/#primaryimage\"},\"thumbnailUrl\":\"https:\/\/chateaudalencon.fr\/wp-content\/uploads\/2016\/02\/Chateau-dAlencon-La-roche-saint-secret.jpg\",\"datePublished\":\"2015-09-23T21:13:02+00:00\",\"dateModified\":\"2016-02-14T08:58:34+00:00\",\"breadcrumb\":{\"@id\":\"https:\/\/chateaudalencon.fr\/index.php\/bienvenue-au-chateau-dalencon\/#breadcrumb\"},\"inLanguage\":\"fr-FR\",\"potentialAction\":[{\"@type\":\"ReadAction\",\"target\":[\"https:\/\/chateaudalencon.fr\/index.php\/bienvenue-au-chateau-dalencon\/\"]}]},{\"@type\":\"ImageObject\",\"inLanguage\":\"fr-FR\",\"@id\":\"https:\/\/chateaudalencon.fr\/index.php\/bienvenue-au-chateau-dalencon\/#primaryimage\",\"url\":\"https:\/\/chateaudalencon.fr\/wp-content\/uploads\/2016\/02\/Chateau-dAlencon-La-roche-saint-secret.jpg\",\"contentUrl\":\"https:\/\/chateaudalencon.fr\/wp-content\/uploads\/2016\/02\/Chateau-dAlencon-La-roche-saint-secret.jpg\",\"width\":1885,\"height\":1060},{\"@type\":\"BreadcrumbList\",\"@id\":\"https:\/\/chateaudalencon.fr\/index.php\/bienvenue-au-chateau-dalencon\/#breadcrumb\",\"itemListElement\":[{\"@type\":\"ListItem\",\"position\":1,\"name\":\"Accueil\",\"item\":\"https:\/\/chateaudalencon.fr\/index.php\/home_\/\"},{\"@type\":\"ListItem\",\"position\":2,\"name\":\"Bienvenue au Ch\u00e2teau d&rsquo;Alen\u00e7on\"}]},{\"@type\":\"WebSite\",\"@id\":\"https:\/\/chateaudalencon.fr\/#website\",\"url\":\"https:\/\/chateaudalencon.fr\/\",\"name\":\"Chateau d'Alen\u00e7on\",\"description\":\"G\u00eete en Dr\u00f4me Proven\u00e7ale\",\"publisher\":{\"@id\":\"https:\/\/chateaudalencon.fr\/#organization\"},\"alternateName\":\"Gites du Chateau d'Alen\u00e7on\",\"potentialAction\":[{\"@type\":\"SearchAction\",\"target\":{\"@type\":\"EntryPoint\",\"urlTemplate\":\"https:\/\/chateaudalencon.fr\/?s={search_term_string}\"},\"query-input\":{\"@type\":\"PropertyValueSpecification\",\"valueRequired\":true,\"valueName\":\"search_term_string\"}}],\"inLanguage\":\"fr-FR\"},{\"@type\":\"Organization\",\"@id\":\"https:\/\/chateaudalencon.fr\/#organization\",\"name\":\"Gites du Chateau d'Alen\u00e7on\",\"url\":\"https:\/\/chateaudalencon.fr\/\",\"logo\":{\"@type\":\"ImageObject\",\"inLanguage\":\"fr-FR\",\"@id\":\"https:\/\/chateaudalencon.fr\/#\/schema\/logo\/image\/\",\"url\":\"https:\/\/chateaudalencon.fr\/wp-content\/uploads\/2015\/09\/cropped-Logo-Gite-de-France.png\",\"contentUrl\":\"https:\/\/chateaudalencon.fr\/wp-content\/uploads\/2015\/09\/cropped-Logo-Gite-de-France.png\",\"width\":512,\"height\":512,\"caption\":\"Gites du Chateau d'Alen\u00e7on\"},\"image\":{\"@id\":\"https:\/\/chateaudalencon.fr\/#\/schema\/logo\/image\/\"},\"sameAs\":[\"https:\/\/www.facebook.com\/gite.alencon\"]}]}<\/script>\n<!-- \/ Yoast SEO plugin. -->","yoast_head_json":{"title":"Bienvenue au Ch\u00e2teau d'Alen\u00e7on - Chateau d&#039;Alen\u00e7on","robots":{"index":"index","follow":"follow","max-snippet":"max-snippet:-1","max-image-preview":"max-image-preview:large","max-video-preview":"max-video-preview:-1"},"canonical":"https:\/\/chateaudalencon.fr\/index.php\/bienvenue-au-chateau-dalencon\/","og_locale":"fr_FR","og_type":"article","og_title":"Bienvenue au Ch\u00e2teau d'Alen\u00e7on - Chateau d&#039;Alen\u00e7on","og_description":"L&rsquo;amoureux du pays ne vient chercher d&rsquo;autre agitation que celle des march\u00e9s, si odorants et color\u00e9s, ou du bistrot \u00e0 Lire plus...","og_url":"https:\/\/chateaudalencon.fr\/index.php\/bienvenue-au-chateau-dalencon\/","og_site_name":"Chateau d&#039;Alen\u00e7on","article_publisher":"https:\/\/www.facebook.com\/gite.alencon","article_modified_time":"2016-02-14T08:58:34+00:00","og_image":[{"width":1024,"height":576,"url":"https:\/\/chateaudalencon.fr\/wp-content\/uploads\/2016\/02\/Chateau-dAlencon-La-roche-saint-secret-1024x576.jpg","type":"image\/jpeg"}],"twitter_card":"summary_large_image","twitter_misc":{"Dur\u00e9e de lecture estim\u00e9e":"1 minute"},"schema":{"@context":"https:\/\/schema.org","@graph":[{"@type":"WebPage","@id":"https:\/\/chateaudalencon.fr\/index.php\/bienvenue-au-chateau-dalencon\/","url":"https:\/\/chateaudalencon.fr\/index.php\/bienvenue-au-chateau-dalencon\/","name":"Bienvenue au Ch\u00e2teau d'Alen\u00e7on - Chateau d&#039;Alen\u00e7on","isPartOf":{"@id":"https:\/\/chateaudalencon.fr\/#website"},"primaryImageOfPage":{"@id":"https:\/\/chateaudalencon.fr\/index.php\/bienvenue-au-chateau-dalencon\/#primaryimage"},"image":{"@id":"https:\/\/chateaudalencon.fr\/index.php\/bienvenue-au-chateau-dalencon\/#primaryimage"},"thumbnailUrl":"https:\/\/chateaudalencon.fr\/wp-content\/uploads\/2016\/02\/Chateau-dAlencon-La-roche-saint-secret.jpg","datePublished":"2015-09-23T21:13:02+00:00","dateModified":"2016-02-14T08:58:34+00:00","breadcrumb":{"@id":"https:\/\/chateaudalencon.fr\/index.php\/bienvenue-au-chateau-dalencon\/#breadcrumb"},"inLanguage":"fr-FR","potentialAction":[{"@type":"ReadAction","target":["https:\/\/chateaudalencon.fr\/index.php\/bienvenue-au-chateau-dalencon\/"]}]},{"@type":"ImageObject","inLanguage":"fr-FR","@id":"https:\/\/chateaudalencon.fr\/index.php\/bienvenue-au-chateau-dalencon\/#primaryimage","url":"https:\/\/chateaudalencon.fr\/wp-content\/uploads\/2016\/02\/Chateau-dAlencon-La-roche-saint-secret.jpg","contentUrl":"https:\/\/chateaudalencon.fr\/wp-content\/uploads\/2016\/02\/Chateau-dAlencon-La-roche-saint-secret.jpg","width":1885,"height":1060},{"@type":"BreadcrumbList","@id":"https:\/\/chateaudalencon.fr\/index.php\/bienvenue-au-chateau-dalencon\/#breadcrumb","itemListElement":[{"@type":"ListItem","position":1,"name":"Accueil","item":"https:\/\/chateaudalencon.fr\/index.php\/home_\/"},{"@type":"ListItem","position":2,"name":"Bienvenue au Ch\u00e2teau d&rsquo;Alen\u00e7on"}]},{"@type":"WebSite","@id":"https:\/\/chateaudalencon.fr\/#website","url":"https:\/\/chateaudalencon.fr\/","name":"Chateau d'Alen\u00e7on","description":"G\u00eete en Dr\u00f4me Proven\u00e7ale","publisher":{"@id":"https:\/\/chateaudalencon.fr\/#organization"},"alternateName":"Gites du Chateau d'Alen\u00e7on","potentialAction":[{"@type":"SearchAction","target":{"@type":"EntryPoint","urlTemplate":"https:\/\/chateaudalencon.fr\/?s={search_term_string}"},"query-input":{"@type":"PropertyValueSpecification","valueRequired":true,"valueName":"search_term_string"}}],"inLanguage":"fr-FR"},{"@type":"Organization","@id":"https:\/\/chateaudalencon.fr\/#organization","name":"Gites du Chateau d'Alen\u00e7on","url":"https:\/\/chateaudalencon.fr\/","logo":{"@type":"ImageObject","inLanguage":"fr-FR","@id":"https:\/\/chateaudalencon.fr\/#\/schema\/logo\/image\/","url":"https:\/\/chateaudalencon.fr\/wp-content\/uploads\/2015\/09\/cropped-Logo-Gite-de-France.png","contentUrl":"https:\/\/chateaudalencon.fr\/wp-content\/uploads\/2015\/09\/cropped-Logo-Gite-de-France.png","width":512,"height":512,"caption":"Gites du Chateau d'Alen\u00e7on"},"image":{"@id":"https:\/\/chateaudalencon.fr\/#\/schema\/logo\/image\/"},"sameAs":["https:\/\/www.facebook.com\/gite.alencon"]}]}},"_links":{"self":[{"href":"https:\/\/chateaudalencon.fr\/index.php\/wp-json\/wp\/v2\/pages\/4","targetHints":{"allow":["GET"]}}],"collection":[{"href":"https:\/\/chateaudalencon.fr\/index.php\/wp-json\/wp\/v2\/pages"}],"about":[{"href":"https:\/\/chateaudalencon.fr\/index.php\/wp-json\/wp\/v2\/types\/page"}],"author":[{"embeddable":true,"href":"https:\/\/chateaudalencon.fr\/index.php\/wp-json\/wp\/v2\/users\/1"}],"replies":[{"embeddable":true,"href":"https:\/\/chateaudalencon.fr\/index.php\/wp-json\/wp\/v2\/comments?post=4"}],"version-history":[{"count":15,"href":"https:\/\/chateaudalencon.fr\/index.php\/wp-json\/wp\/v2\/pages\/4\/revisions"}],"predecessor-version":[{"id":755,"href":"https:\/\/chateaudalencon.fr\/index.php\/wp-json\/wp\/v2\/pages\/4\/revisions\/755"}],"wp:featuredmedia":[{"embeddable":true,"href":"https:\/\/chateaudalencon.fr\/index.php\/wp-json\/wp\/v2\/media\/754"}],"wp:attachment":[{"href":"https:\/\/chateaudalencon.fr\/index.php\/wp-json\/wp\/v2\/media?parent=4"}],"curies":[{"name":"wp","href":"https:\/\/api.w.org\/{rel}","templated":true}]}}