{"id":39,"date":"2015-09-25T18:39:54","date_gmt":"2015-09-25T18:39:54","guid":{"rendered":"http:\/\/chateaudalencon.fr\/?page_id=39"},"modified":"2023-11-20T16:31:58","modified_gmt":"2023-11-20T16:31:58","slug":"activites","status":"publish","type":"page","link":"https:\/\/chateaudalencon.fr\/index.php\/activites\/","title":{"rendered":"Activit\u00e9s"},"content":{"rendered":"<p>Lors de votre s\u00e9jour dans la Dr\u00f4me Proven\u00e7ale, d\u00e9couvrez notre patrimoine, nos loisirs, notre gastronomie\u00a0ainsi que notre savoir-faire. Vous pourrez \u00e9galement profiter d\u2019un s\u00e9jour bien-\u00eatre\u00a0pour vous ressourcer.<\/p>\n<ul>\n<li>Savourer (gastronomie, produits du terroir)<\/li>\n<li>Sentir (bien-\u00eatre)<\/li>\n<li>Ecouter (nature et sports)<\/li>\n<li>Toucher (savoirs faire artisanaux)<\/li>\n<li>Regarder (patrimoine)<\/li>\n<\/ul>\n<p>&nbsp;<\/p>\n","protected":false},"excerpt":{"rendered":"<p>Lors de votre s\u00e9jour dans la Dr\u00f4me Proven\u00e7ale, d\u00e9couvrez notre patrimoine, nos loisirs, notre gastronomie\u00a0ainsi que notre savoir-faire. Vous pourrez <a class=\"more-link\" href=\"https:\/\/chateaudalencon.fr\/index.php\/activites\/\">Lire plus&#8230;<\/a><\/p>\n","protected":false},"author":1,"featured_media":209,"parent":0,"menu_order":0,"comment_status":"closed","ping_status":"closed","template":"","meta":{"footnotes":""},"class_list":["post-39","page","type-page","status-publish","has-post-thumbnail","hentry"],"yoast_head":"<!-- This site is optimized with the Yoast SEO plugin v25.3 - https:\/\/yoast.com\/wordpress\/plugins\/seo\/ -->\n<title>Activit\u00e9s - Chateau d&#039;Alen\u00e7on<\/title>\n<meta name=\"robots\" content=\"index, follow, max-snippet:-1, max-image-preview:large, max-video-preview:-1\" \/>\n<link rel=\"canonical\" href=\"https:\/\/chateaudalencon.fr\/index.php\/activites\/\" \/>\n<meta property=\"og:locale\" content=\"fr_FR\" \/>\n<meta property=\"og:type\" content=\"article\" \/>\n<meta property=\"og:title\" content=\"Activit\u00e9s - Chateau d&#039;Alen\u00e7on\" \/>\n<meta property=\"og:description\" content=\"Lors de votre s\u00e9jour dans la Dr\u00f4me Proven\u00e7ale, d\u00e9couvrez notre patrimoine, nos loisirs, notre gastronomie\u00a0ainsi que notre savoir-faire. Vous pourrez Lire plus...\" \/>\n<meta property=\"og:url\" content=\"https:\/\/chateaudalencon.fr\/index.php\/activites\/\" \/>\n<meta property=\"og:site_name\" content=\"Chateau d&#039;Alen\u00e7on\" \/>\n<meta property=\"article:publisher\" content=\"https:\/\/www.facebook.com\/gite.alencon\" \/>\n<meta property=\"article:modified_time\" content=\"2023-11-20T16:31:58+00:00\" \/>\n<meta property=\"og:image\" content=\"https:\/\/chateaudalencon.fr\/wp-content\/uploads\/2015\/09\/Patrimoine1.jpg\" \/>\n\t<meta property=\"og:image:width\" content=\"1700\" \/>\n\t<meta property=\"og:image:height\" content=\"850\" \/>\n\t<meta property=\"og:image:type\" content=\"image\/jpeg\" \/>\n<meta name=\"twitter:card\" content=\"summary_large_image\" \/>\n<script type=\"application\/ld+json\" class=\"yoast-schema-graph\">{\"@context\":\"https:\/\/schema.org\",\"@graph\":[{\"@type\":\"WebPage\",\"@id\":\"https:\/\/chateaudalencon.fr\/index.php\/activites\/\",\"url\":\"https:\/\/chateaudalencon.fr\/index.php\/activites\/\",\"name\":\"Activit\u00e9s - Chateau d&#039;Alen\u00e7on\",\"isPartOf\":{\"@id\":\"https:\/\/chateaudalencon.fr\/#website\"},\"primaryImageOfPage\":{\"@id\":\"https:\/\/chateaudalencon.fr\/index.php\/activites\/#primaryimage\"},\"image\":{\"@id\":\"https:\/\/chateaudalencon.fr\/index.php\/activites\/#primaryimage\"},\"thumbnailUrl\":\"https:\/\/chateaudalencon.fr\/wp-content\/uploads\/2015\/09\/Patrimoine1.jpg\",\"datePublished\":\"2015-09-25T18:39:54+00:00\",\"dateModified\":\"2023-11-20T16:31:58+00:00\",\"breadcrumb\":{\"@id\":\"https:\/\/chateaudalencon.fr\/index.php\/activites\/#breadcrumb\"},\"inLanguage\":\"fr-FR\",\"potentialAction\":[{\"@type\":\"ReadAction\",\"target\":[\"https:\/\/chateaudalencon.fr\/index.php\/activites\/\"]}]},{\"@type\":\"ImageObject\",\"inLanguage\":\"fr-FR\",\"@id\":\"https:\/\/chateaudalencon.fr\/index.php\/activites\/#primaryimage\",\"url\":\"https:\/\/chateaudalencon.fr\/wp-content\/uploads\/2015\/09\/Patrimoine1.jpg\",\"contentUrl\":\"https:\/\/chateaudalencon.fr\/wp-content\/uploads\/2015\/09\/Patrimoine1.jpg\",\"width\":1700,\"height\":850},{\"@type\":\"BreadcrumbList\",\"@id\":\"https:\/\/chateaudalencon.fr\/index.php\/activites\/#breadcrumb\",\"itemListElement\":[{\"@type\":\"ListItem\",\"position\":1,\"name\":\"Accueil\",\"item\":\"https:\/\/chateaudalencon.fr\/index.php\/home_\/\"},{\"@type\":\"ListItem\",\"position\":2,\"name\":\"Activit\u00e9s\"}]},{\"@type\":\"WebSite\",\"@id\":\"https:\/\/chateaudalencon.fr\/#website\",\"url\":\"https:\/\/chateaudalencon.fr\/\",\"name\":\"Chateau d'Alen\u00e7on\",\"description\":\"G\u00eete en Dr\u00f4me Proven\u00e7ale\",\"publisher\":{\"@id\":\"https:\/\/chateaudalencon.fr\/#organization\"},\"alternateName\":\"Gites du Chateau d'Alen\u00e7on\",\"potentialAction\":[{\"@type\":\"SearchAction\",\"target\":{\"@type\":\"EntryPoint\",\"urlTemplate\":\"https:\/\/chateaudalencon.fr\/?s={search_term_string}\"},\"query-input\":{\"@type\":\"PropertyValueSpecification\",\"valueRequired\":true,\"valueName\":\"search_term_string\"}}],\"inLanguage\":\"fr-FR\"},{\"@type\":\"Organization\",\"@id\":\"https:\/\/chateaudalencon.fr\/#organization\",\"name\":\"Gites du Chateau d'Alen\u00e7on\",\"url\":\"https:\/\/chateaudalencon.fr\/\",\"logo\":{\"@type\":\"ImageObject\",\"inLanguage\":\"fr-FR\",\"@id\":\"https:\/\/chateaudalencon.fr\/#\/schema\/logo\/image\/\",\"url\":\"https:\/\/chateaudalencon.fr\/wp-content\/uploads\/2015\/09\/cropped-Logo-Gite-de-France.png\",\"contentUrl\":\"https:\/\/chateaudalencon.fr\/wp-content\/uploads\/2015\/09\/cropped-Logo-Gite-de-France.png\",\"width\":512,\"height\":512,\"caption\":\"Gites du Chateau d'Alen\u00e7on\"},\"image\":{\"@id\":\"https:\/\/chateaudalencon.fr\/#\/schema\/logo\/image\/\"},\"sameAs\":[\"https:\/\/www.facebook.com\/gite.alencon\"]}]}<\/script>\n<!-- \/ Yoast SEO plugin. -->","yoast_head_json":{"title":"Activit\u00e9s - Chateau d&#039;Alen\u00e7on","robots":{"index":"index","follow":"follow","max-snippet":"max-snippet:-1","max-image-preview":"max-image-preview:large","max-video-preview":"max-video-preview:-1"},"canonical":"https:\/\/chateaudalencon.fr\/index.php\/activites\/","og_locale":"fr_FR","og_type":"article","og_title":"Activit\u00e9s - Chateau d&#039;Alen\u00e7on","og_description":"Lors de votre s\u00e9jour dans la Dr\u00f4me Proven\u00e7ale, d\u00e9couvrez notre patrimoine, nos loisirs, notre gastronomie\u00a0ainsi que notre savoir-faire. Vous pourrez Lire plus...","og_url":"https:\/\/chateaudalencon.fr\/index.php\/activites\/","og_site_name":"Chateau d&#039;Alen\u00e7on","article_publisher":"https:\/\/www.facebook.com\/gite.alencon","article_modified_time":"2023-11-20T16:31:58+00:00","og_image":[{"width":1700,"height":850,"url":"https:\/\/chateaudalencon.fr\/wp-content\/uploads\/2015\/09\/Patrimoine1.jpg","type":"image\/jpeg"}],"twitter_card":"summary_large_image","schema":{"@context":"https:\/\/schema.org","@graph":[{"@type":"WebPage","@id":"https:\/\/chateaudalencon.fr\/index.php\/activites\/","url":"https:\/\/chateaudalencon.fr\/index.php\/activites\/","name":"Activit\u00e9s - Chateau d&#039;Alen\u00e7on","isPartOf":{"@id":"https:\/\/chateaudalencon.fr\/#website"},"primaryImageOfPage":{"@id":"https:\/\/chateaudalencon.fr\/index.php\/activites\/#primaryimage"},"image":{"@id":"https:\/\/chateaudalencon.fr\/index.php\/activites\/#primaryimage"},"thumbnailUrl":"https:\/\/chateaudalencon.fr\/wp-content\/uploads\/2015\/09\/Patrimoine1.jpg","datePublished":"2015-09-25T18:39:54+00:00","dateModified":"2023-11-20T16:31:58+00:00","breadcrumb":{"@id":"https:\/\/chateaudalencon.fr\/index.php\/activites\/#breadcrumb"},"inLanguage":"fr-FR","potentialAction":[{"@type":"ReadAction","target":["https:\/\/chateaudalencon.fr\/index.php\/activites\/"]}]},{"@type":"ImageObject","inLanguage":"fr-FR","@id":"https:\/\/chateaudalencon.fr\/index.php\/activites\/#primaryimage","url":"https:\/\/chateaudalencon.fr\/wp-content\/uploads\/2015\/09\/Patrimoine1.jpg","contentUrl":"https:\/\/chateaudalencon.fr\/wp-content\/uploads\/2015\/09\/Patrimoine1.jpg","width":1700,"height":850},{"@type":"BreadcrumbList","@id":"https:\/\/chateaudalencon.fr\/index.php\/activites\/#breadcrumb","itemListElement":[{"@type":"ListItem","position":1,"name":"Accueil","item":"https:\/\/chateaudalencon.fr\/index.php\/home_\/"},{"@type":"ListItem","position":2,"name":"Activit\u00e9s"}]},{"@type":"WebSite","@id":"https:\/\/chateaudalencon.fr\/#website","url":"https:\/\/chateaudalencon.fr\/","name":"Chateau d'Alen\u00e7on","description":"G\u00eete en Dr\u00f4me Proven\u00e7ale","publisher":{"@id":"https:\/\/chateaudalencon.fr\/#organization"},"alternateName":"Gites du Chateau d'Alen\u00e7on","potentialAction":[{"@type":"SearchAction","target":{"@type":"EntryPoint","urlTemplate":"https:\/\/chateaudalencon.fr\/?s={search_term_string}"},"query-input":{"@type":"PropertyValueSpecification","valueRequired":true,"valueName":"search_term_string"}}],"inLanguage":"fr-FR"},{"@type":"Organization","@id":"https:\/\/chateaudalencon.fr\/#organization","name":"Gites du Chateau d'Alen\u00e7on","url":"https:\/\/chateaudalencon.fr\/","logo":{"@type":"ImageObject","inLanguage":"fr-FR","@id":"https:\/\/chateaudalencon.fr\/#\/schema\/logo\/image\/","url":"https:\/\/chateaudalencon.fr\/wp-content\/uploads\/2015\/09\/cropped-Logo-Gite-de-France.png","contentUrl":"https:\/\/chateaudalencon.fr\/wp-content\/uploads\/2015\/09\/cropped-Logo-Gite-de-France.png","width":512,"height":512,"caption":"Gites du Chateau d'Alen\u00e7on"},"image":{"@id":"https:\/\/chateaudalencon.fr\/#\/schema\/logo\/image\/"},"sameAs":["https:\/\/www.facebook.com\/gite.alencon"]}]}},"_links":{"self":[{"href":"https:\/\/chateaudalencon.fr\/index.php\/wp-json\/wp\/v2\/pages\/39","targetHints":{"allow":["GET"]}}],"collection":[{"href":"https:\/\/chateaudalencon.fr\/index.php\/wp-json\/wp\/v2\/pages"}],"about":[{"href":"https:\/\/chateaudalencon.fr\/index.php\/wp-json\/wp\/v2\/types\/page"}],"author":[{"embeddable":true,"href":"https:\/\/chateaudalencon.fr\/index.php\/wp-json\/wp\/v2\/users\/1"}],"replies":[{"embeddable":true,"href":"https:\/\/chateaudalencon.fr\/index.php\/wp-json\/wp\/v2\/comments?post=39"}],"version-history":[{"count":11,"href":"https:\/\/chateaudalencon.fr\/index.php\/wp-json\/wp\/v2\/pages\/39\/revisions"}],"predecessor-version":[{"id":1205,"href":"https:\/\/chateaudalencon.fr\/index.php\/wp-json\/wp\/v2\/pages\/39\/revisions\/1205"}],"wp:featuredmedia":[{"embeddable":true,"href":"https:\/\/chateaudalencon.fr\/index.php\/wp-json\/wp\/v2\/media\/209"}],"wp:attachment":[{"href":"https:\/\/chateaudalencon.fr\/index.php\/wp-json\/wp\/v2\/media?parent=39"}],"curies":[{"name":"wp","href":"https:\/\/api.w.org\/{rel}","templated":true}]}}