{"id":267,"date":"2015-10-06T20:02:01","date_gmt":"2015-10-06T20:02:01","guid":{"rendered":"http:\/\/chateaudalencon.fr\/?page_id=267"},"modified":"2015-10-24T07:32:06","modified_gmt":"2015-10-24T07:32:06","slug":"caves-vins","status":"publish","type":"page","link":"https:\/\/chateaudalencon.fr\/index.php\/activites\/caves-vins\/","title":{"rendered":"Caves &#038; Vins"},"content":{"rendered":"<p>C\u00f4tes du Rh\u00f4ne, Grignan les Adh\u00e9mars: ils ont tous des parfums, en rapport avec leur terroir d&rsquo;origine, \u00e0 humer d\u00e9licatement avant de vider son verre en en apr\u00e9ciant tous les ar\u00f4mes. Il est vrai qu&rsquo;ils se partagent les vall\u00e9es : vignobles en haut, vergers en bas. Les AOC Grignan les Adh\u00e9mars, enfants de la garrigue, sont s\u00e9veux, sentant parfois les herbes aromatiques, mais aussi le cassis. Les C\u00f4tes du Rh\u00f4ne, dans la plaine autour de Tulette auront des \u00ab\u00a0bouquets\u00a0\u00bb de primeur : framboise et cerise, bonbon acidul\u00e9&#8230;<\/p>\n<p>Voici nos \u00ab\u00a0chouchous\u00a0\u00bb, \u00e0 ne pas manquer:<\/p>\n<ul>\n<li><a href=\"https:\/\/chateaudalencon.fr\/index.php\/2015\/10\/20\/471\/\">\u00ab\u00a0<em>Ch\u00e2teau d\u2019Alen\u00e7on\u00a0\u00bb<\/em><\/a><\/li>\n<li><a href=\"https:\/\/chateaudalencon.fr\/index.php\/2015\/10\/23\/domaine-les-caminottes\/\">\u00ab\u00a0<em>Domaine Les Caminottes\u00a0\u00bb<\/em><\/a><\/li>\n<li><em><em><a href=\"https:\/\/chateaudalencon.fr\/index.php\/2015\/10\/23\/passion-dune-femme\/\">\u00ab\u00a0Passion d&rsquo;une femme\u00a0\u00bb<\/a><\/em><\/em><\/li>\n<li><a href=\"https:\/\/chateaudalencon.fr\/index.php\/2015\/10\/23\/domaine-des-rosiers\/\">\u00ab\u00a0Domaine des Rosiers<em>\u00a0\u00bb<\/em><\/a><\/li>\n<li><a href=\"https:\/\/chateaudalencon.fr\/index.php\/2015\/10\/23\/le-vin-poete\/\">\u00ab\u00a0<em>Le<\/em>\u00a0<em>Vin Po\u00e8te\u00a0\u00bb<\/em><\/a><\/li>\n<\/ul>\n<p>Nous sommes de part notre h\u00e9ritage familial, tous les deux amoureux du vin et du monde qui l&rsquo;entoure. Prenez le temps de passer voir notre ami <em>Marc Lalane<\/em>,\u00a0\u00e0 sa cave <a href=\"https:\/\/chateaudalencon.fr\/index.php\/2015\/10\/23\/le-vin-poete\/\">\u00ab\u00a0<em>Le<\/em>\u00a0<em>Vin Po\u00e8te\u00a0\u00bb<\/em><\/a>\u00a0(ce nom lui va si bien&#8230;) \u00e0 Po\u00eat Laval. Passionn\u00e9 d\u2019\u0153nologie, il re\u00e7oit chaque semaine un \u00e0 deux groupes pour des ateliers d\u00e9couvertes vins et terroirs. Il arpente les vignobles de toutes les r\u00e9gions chaque ann\u00e9e pour nous en sortir de petits bijoux&#8230;<\/p>\n<p>&nbsp;<\/p>\n<p>&nbsp;<\/p>\n","protected":false},"excerpt":{"rendered":"<p>C\u00f4tes du Rh\u00f4ne, Grignan les Adh\u00e9mars: ils ont tous des parfums, en rapport avec leur terroir d&rsquo;origine, \u00e0 humer d\u00e9licatement <a class=\"more-link\" href=\"https:\/\/chateaudalencon.fr\/index.php\/activites\/caves-vins\/\">Lire plus&#8230;<\/a><\/p>\n","protected":false},"author":1,"featured_media":212,"parent":39,"menu_order":0,"comment_status":"closed","ping_status":"closed","template":"","meta":{"footnotes":""},"class_list":["post-267","page","type-page","status-publish","has-post-thumbnail","hentry"],"yoast_head":"<!-- This site is optimized with the Yoast SEO plugin v25.3 - https:\/\/yoast.com\/wordpress\/plugins\/seo\/ -->\n<title>Caves &amp; Vins - Chateau d&#039;Alen\u00e7on<\/title>\n<meta name=\"robots\" content=\"index, follow, max-snippet:-1, max-image-preview:large, max-video-preview:-1\" \/>\n<link rel=\"canonical\" href=\"https:\/\/chateaudalencon.fr\/index.php\/activites\/caves-vins\/\" \/>\n<meta property=\"og:locale\" content=\"fr_FR\" \/>\n<meta property=\"og:type\" content=\"article\" \/>\n<meta property=\"og:title\" content=\"Caves &amp; Vins - Chateau d&#039;Alen\u00e7on\" \/>\n<meta property=\"og:description\" content=\"C\u00f4tes du Rh\u00f4ne, Grignan les Adh\u00e9mars: ils ont tous des parfums, en rapport avec leur terroir d&rsquo;origine, \u00e0 humer d\u00e9licatement Lire plus...\" \/>\n<meta property=\"og:url\" content=\"https:\/\/chateaudalencon.fr\/index.php\/activites\/caves-vins\/\" \/>\n<meta property=\"og:site_name\" content=\"Chateau d&#039;Alen\u00e7on\" \/>\n<meta property=\"article:publisher\" content=\"https:\/\/www.facebook.com\/gite.alencon\" \/>\n<meta property=\"article:modified_time\" content=\"2015-10-24T07:32:06+00:00\" \/>\n<meta property=\"og:image\" content=\"https:\/\/chateaudalencon.fr\/wp-content\/uploads\/2015\/09\/terroir.jpg\" \/>\n\t<meta property=\"og:image:width\" content=\"1700\" \/>\n\t<meta property=\"og:image:height\" content=\"850\" \/>\n\t<meta property=\"og:image:type\" content=\"image\/jpeg\" \/>\n<meta name=\"twitter:card\" content=\"summary_large_image\" \/>\n<meta name=\"twitter:label1\" content=\"Dur\u00e9e de lecture estim\u00e9e\" \/>\n\t<meta name=\"twitter:data1\" content=\"1 minute\" \/>\n<script type=\"application\/ld+json\" class=\"yoast-schema-graph\">{\"@context\":\"https:\/\/schema.org\",\"@graph\":[{\"@type\":\"WebPage\",\"@id\":\"https:\/\/chateaudalencon.fr\/index.php\/activites\/caves-vins\/\",\"url\":\"https:\/\/chateaudalencon.fr\/index.php\/activites\/caves-vins\/\",\"name\":\"Caves & Vins - Chateau d&#039;Alen\u00e7on\",\"isPartOf\":{\"@id\":\"https:\/\/chateaudalencon.fr\/#website\"},\"primaryImageOfPage\":{\"@id\":\"https:\/\/chateaudalencon.fr\/index.php\/activites\/caves-vins\/#primaryimage\"},\"image\":{\"@id\":\"https:\/\/chateaudalencon.fr\/index.php\/activites\/caves-vins\/#primaryimage\"},\"thumbnailUrl\":\"https:\/\/chateaudalencon.fr\/wp-content\/uploads\/2015\/09\/terroir.jpg\",\"datePublished\":\"2015-10-06T20:02:01+00:00\",\"dateModified\":\"2015-10-24T07:32:06+00:00\",\"breadcrumb\":{\"@id\":\"https:\/\/chateaudalencon.fr\/index.php\/activites\/caves-vins\/#breadcrumb\"},\"inLanguage\":\"fr-FR\",\"potentialAction\":[{\"@type\":\"ReadAction\",\"target\":[\"https:\/\/chateaudalencon.fr\/index.php\/activites\/caves-vins\/\"]}]},{\"@type\":\"ImageObject\",\"inLanguage\":\"fr-FR\",\"@id\":\"https:\/\/chateaudalencon.fr\/index.php\/activites\/caves-vins\/#primaryimage\",\"url\":\"https:\/\/chateaudalencon.fr\/wp-content\/uploads\/2015\/09\/terroir.jpg\",\"contentUrl\":\"https:\/\/chateaudalencon.fr\/wp-content\/uploads\/2015\/09\/terroir.jpg\",\"width\":1700,\"height\":850},{\"@type\":\"BreadcrumbList\",\"@id\":\"https:\/\/chateaudalencon.fr\/index.php\/activites\/caves-vins\/#breadcrumb\",\"itemListElement\":[{\"@type\":\"ListItem\",\"position\":1,\"name\":\"Accueil\",\"item\":\"https:\/\/chateaudalencon.fr\/index.php\/home_\/\"},{\"@type\":\"ListItem\",\"position\":2,\"name\":\"Activit\u00e9s\",\"item\":\"https:\/\/chateaudalencon.fr\/index.php\/activites\/\"},{\"@type\":\"ListItem\",\"position\":3,\"name\":\"Caves &#038; Vins\"}]},{\"@type\":\"WebSite\",\"@id\":\"https:\/\/chateaudalencon.fr\/#website\",\"url\":\"https:\/\/chateaudalencon.fr\/\",\"name\":\"Chateau d'Alen\u00e7on\",\"description\":\"G\u00eete en Dr\u00f4me Proven\u00e7ale\",\"publisher\":{\"@id\":\"https:\/\/chateaudalencon.fr\/#organization\"},\"alternateName\":\"Gites du Chateau d'Alen\u00e7on\",\"potentialAction\":[{\"@type\":\"SearchAction\",\"target\":{\"@type\":\"EntryPoint\",\"urlTemplate\":\"https:\/\/chateaudalencon.fr\/?s={search_term_string}\"},\"query-input\":{\"@type\":\"PropertyValueSpecification\",\"valueRequired\":true,\"valueName\":\"search_term_string\"}}],\"inLanguage\":\"fr-FR\"},{\"@type\":\"Organization\",\"@id\":\"https:\/\/chateaudalencon.fr\/#organization\",\"name\":\"Gites du Chateau d'Alen\u00e7on\",\"url\":\"https:\/\/chateaudalencon.fr\/\",\"logo\":{\"@type\":\"ImageObject\",\"inLanguage\":\"fr-FR\",\"@id\":\"https:\/\/chateaudalencon.fr\/#\/schema\/logo\/image\/\",\"url\":\"https:\/\/chateaudalencon.fr\/wp-content\/uploads\/2015\/09\/cropped-Logo-Gite-de-France.png\",\"contentUrl\":\"https:\/\/chateaudalencon.fr\/wp-content\/uploads\/2015\/09\/cropped-Logo-Gite-de-France.png\",\"width\":512,\"height\":512,\"caption\":\"Gites du Chateau d'Alen\u00e7on\"},\"image\":{\"@id\":\"https:\/\/chateaudalencon.fr\/#\/schema\/logo\/image\/\"},\"sameAs\":[\"https:\/\/www.facebook.com\/gite.alencon\"]}]}<\/script>\n<!-- \/ Yoast SEO plugin. -->","yoast_head_json":{"title":"Caves & Vins - Chateau d&#039;Alen\u00e7on","robots":{"index":"index","follow":"follow","max-snippet":"max-snippet:-1","max-image-preview":"max-image-preview:large","max-video-preview":"max-video-preview:-1"},"canonical":"https:\/\/chateaudalencon.fr\/index.php\/activites\/caves-vins\/","og_locale":"fr_FR","og_type":"article","og_title":"Caves & Vins - Chateau d&#039;Alen\u00e7on","og_description":"C\u00f4tes du Rh\u00f4ne, Grignan les Adh\u00e9mars: ils ont tous des parfums, en rapport avec leur terroir d&rsquo;origine, \u00e0 humer d\u00e9licatement Lire plus...","og_url":"https:\/\/chateaudalencon.fr\/index.php\/activites\/caves-vins\/","og_site_name":"Chateau d&#039;Alen\u00e7on","article_publisher":"https:\/\/www.facebook.com\/gite.alencon","article_modified_time":"2015-10-24T07:32:06+00:00","og_image":[{"width":1700,"height":850,"url":"https:\/\/chateaudalencon.fr\/wp-content\/uploads\/2015\/09\/terroir.jpg","type":"image\/jpeg"}],"twitter_card":"summary_large_image","twitter_misc":{"Dur\u00e9e de lecture estim\u00e9e":"1 minute"},"schema":{"@context":"https:\/\/schema.org","@graph":[{"@type":"WebPage","@id":"https:\/\/chateaudalencon.fr\/index.php\/activites\/caves-vins\/","url":"https:\/\/chateaudalencon.fr\/index.php\/activites\/caves-vins\/","name":"Caves & Vins - Chateau d&#039;Alen\u00e7on","isPartOf":{"@id":"https:\/\/chateaudalencon.fr\/#website"},"primaryImageOfPage":{"@id":"https:\/\/chateaudalencon.fr\/index.php\/activites\/caves-vins\/#primaryimage"},"image":{"@id":"https:\/\/chateaudalencon.fr\/index.php\/activites\/caves-vins\/#primaryimage"},"thumbnailUrl":"https:\/\/chateaudalencon.fr\/wp-content\/uploads\/2015\/09\/terroir.jpg","datePublished":"2015-10-06T20:02:01+00:00","dateModified":"2015-10-24T07:32:06+00:00","breadcrumb":{"@id":"https:\/\/chateaudalencon.fr\/index.php\/activites\/caves-vins\/#breadcrumb"},"inLanguage":"fr-FR","potentialAction":[{"@type":"ReadAction","target":["https:\/\/chateaudalencon.fr\/index.php\/activites\/caves-vins\/"]}]},{"@type":"ImageObject","inLanguage":"fr-FR","@id":"https:\/\/chateaudalencon.fr\/index.php\/activites\/caves-vins\/#primaryimage","url":"https:\/\/chateaudalencon.fr\/wp-content\/uploads\/2015\/09\/terroir.jpg","contentUrl":"https:\/\/chateaudalencon.fr\/wp-content\/uploads\/2015\/09\/terroir.jpg","width":1700,"height":850},{"@type":"BreadcrumbList","@id":"https:\/\/chateaudalencon.fr\/index.php\/activites\/caves-vins\/#breadcrumb","itemListElement":[{"@type":"ListItem","position":1,"name":"Accueil","item":"https:\/\/chateaudalencon.fr\/index.php\/home_\/"},{"@type":"ListItem","position":2,"name":"Activit\u00e9s","item":"https:\/\/chateaudalencon.fr\/index.php\/activites\/"},{"@type":"ListItem","position":3,"name":"Caves &#038; Vins"}]},{"@type":"WebSite","@id":"https:\/\/chateaudalencon.fr\/#website","url":"https:\/\/chateaudalencon.fr\/","name":"Chateau d'Alen\u00e7on","description":"G\u00eete en Dr\u00f4me Proven\u00e7ale","publisher":{"@id":"https:\/\/chateaudalencon.fr\/#organization"},"alternateName":"Gites du Chateau d'Alen\u00e7on","potentialAction":[{"@type":"SearchAction","target":{"@type":"EntryPoint","urlTemplate":"https:\/\/chateaudalencon.fr\/?s={search_term_string}"},"query-input":{"@type":"PropertyValueSpecification","valueRequired":true,"valueName":"search_term_string"}}],"inLanguage":"fr-FR"},{"@type":"Organization","@id":"https:\/\/chateaudalencon.fr\/#organization","name":"Gites du Chateau d'Alen\u00e7on","url":"https:\/\/chateaudalencon.fr\/","logo":{"@type":"ImageObject","inLanguage":"fr-FR","@id":"https:\/\/chateaudalencon.fr\/#\/schema\/logo\/image\/","url":"https:\/\/chateaudalencon.fr\/wp-content\/uploads\/2015\/09\/cropped-Logo-Gite-de-France.png","contentUrl":"https:\/\/chateaudalencon.fr\/wp-content\/uploads\/2015\/09\/cropped-Logo-Gite-de-France.png","width":512,"height":512,"caption":"Gites du Chateau d'Alen\u00e7on"},"image":{"@id":"https:\/\/chateaudalencon.fr\/#\/schema\/logo\/image\/"},"sameAs":["https:\/\/www.facebook.com\/gite.alencon"]}]}},"_links":{"self":[{"href":"https:\/\/chateaudalencon.fr\/index.php\/wp-json\/wp\/v2\/pages\/267","targetHints":{"allow":["GET"]}}],"collection":[{"href":"https:\/\/chateaudalencon.fr\/index.php\/wp-json\/wp\/v2\/pages"}],"about":[{"href":"https:\/\/chateaudalencon.fr\/index.php\/wp-json\/wp\/v2\/types\/page"}],"author":[{"embeddable":true,"href":"https:\/\/chateaudalencon.fr\/index.php\/wp-json\/wp\/v2\/users\/1"}],"replies":[{"embeddable":true,"href":"https:\/\/chateaudalencon.fr\/index.php\/wp-json\/wp\/v2\/comments?post=267"}],"version-history":[{"count":11,"href":"https:\/\/chateaudalencon.fr\/index.php\/wp-json\/wp\/v2\/pages\/267\/revisions"}],"predecessor-version":[{"id":515,"href":"https:\/\/chateaudalencon.fr\/index.php\/wp-json\/wp\/v2\/pages\/267\/revisions\/515"}],"up":[{"embeddable":true,"href":"https:\/\/chateaudalencon.fr\/index.php\/wp-json\/wp\/v2\/pages\/39"}],"wp:featuredmedia":[{"embeddable":true,"href":"https:\/\/chateaudalencon.fr\/index.php\/wp-json\/wp\/v2\/media\/212"}],"wp:attachment":[{"href":"https:\/\/chateaudalencon.fr\/index.php\/wp-json\/wp\/v2\/media?parent=267"}],"curies":[{"name":"wp","href":"https:\/\/api.w.org\/{rel}","templated":true}]}}