{"id":264,"date":"2015-10-06T20:01:15","date_gmt":"2015-10-06T20:01:15","guid":{"rendered":"http:\/\/chateaudalencon.fr\/?page_id=264"},"modified":"2016-01-07T21:28:07","modified_gmt":"2016-01-07T21:28:07","slug":"produits-regionaux","status":"publish","type":"page","link":"https:\/\/chateaudalencon.fr\/index.php\/activites\/produits-regionaux\/","title":{"rendered":"Produits R\u00e9gionaux"},"content":{"rendered":"<p>En Dr\u00f4me Proven\u00e7ale, vous appr\u00e9cierez une diversit\u00e9 de go\u00fbts et de senteurs qui font l\u2019originalit\u00e9 et la singularit\u00e9 de notre territoire, mais vous pourrez \u00e9galement profiter d\u2019autres produits fermiers de qualit\u00e9.<\/p>\n<p>&nbsp;<\/p>\n<p><img decoding=\"async\" class=\"alignleft\" src=\"https:\/\/chateaudalencon.free.fr\/images\/stories\/truffes-provence1.jpg\" alt=\"\" \/><\/p>\n<p>Les Truffes\u00a0: Il serait sacril\u00e8ge pour le gastronome de ne pas go\u00fbter aux d\u00e9lices d&rsquo;une omelette aux truffes (dont c&rsquo;est \u00e0 deux pas la plus importante r\u00e9gion de r\u00e9colte en France). En Tricastin, elle pousse sous les ch\u00eanes verts et blancs, mais demeure une production tr\u00e8s capricieuse, jamais assur\u00e9e d&rsquo;une ann\u00e9e sur l&rsquo;autre. N&rsquo;h\u00e9sitez pas \u00e0 demander au voisin, Serge Charpenel s&rsquo;il en a r\u00e9colt\u00e9es!<\/p>\n<p>&nbsp;<\/p>\n<p><img decoding=\"async\" class=\"alignleft\" src=\"https:\/\/chateaudalencon.free.fr\/images\/stories\/photo-olive1.jpg\" alt=\"\" \/>Les Olives de Nyons\u00a0: Port\u00e9es au moulin, les grosses sont confites et les petites vont au pressoir pour donner l&rsquo;huile d&rsquo;olive : un pur jus de fruit b\u00e9n\u00e9ficiant d\u2019une appellation d&rsquo;origine contr\u00f4l\u00e9e. Profitez de fl\u00e2ner dans Nyons pour d\u00e9couvrir \u00e9galement les produits d\u00e9riv\u00e9s: tapenade noire et verte, savons et cosm\u00e9tiques&#8230;<\/p>\n<p>&nbsp;<\/p>\n<p>&nbsp;<\/p>\n<p><img decoding=\"async\" class=\"alignleft\" src=\"https:\/\/chateaudalencon.free.fr\/images\/stories\/picodin-provence1.jpg\" alt=\"\" \/>Les Picodons de Dieulefit\u00a0: La d\u00e9nomination \u00ab\u00a0Picodon m\u00e9thode Dieulefit\u00a0\u00bb est officiellement utilis\u00e9e pour distinguer un picodon \u00e0 qui l\u2019affinage &#8211; sup\u00e9rieur \u00e0 un mois entrecoup\u00e9 de lavages \u00e0 l\u2019eau claire &#8211; a donn\u00e9 un caract\u00e8re unique fait de puissance et de finesse. Certains agriculteurs produisent \u00e9galement des fromages de ch\u00e8vre fermiers ne b\u00e9n\u00e9ficiant pas d\u2019appellation particuli\u00e8re, allez go\u00fbter en particulier les fromages de ch\u00e8vre de Vesc&#8230; Ce d\u00e9licieux fromage est ici l&rsquo;objet d&rsquo;un v\u00e9ritable culte : on est ou on n&rsquo;est pas initi\u00e9 \u00e0 ses subtilit\u00e9s. C&rsquo;est qu&rsquo;il ne s&rsquo;agit pas d&rsquo;un ch\u00e8vre ordinaire : \u00ab affin\u00e9-lav\u00e9 \u00bb, il est le r\u00e9sultat d&rsquo;une v\u00e9ritable alchimie entre les saisons et les p\u00e2turages.<\/p>\n<p>&nbsp;<\/p>\n<p><img decoding=\"async\" class=\"alignleft\" src=\"https:\/\/chateaudalencon.free.fr\/images\/stories\/miel-provence1.jpg\" alt=\"\" \/>Le Miel\u00a0: Ici et l\u00e0, l\u2019apiculture marque le paysage par la pr\u00e9sence de ruches. Par d\u00e9finition, le miel est un produit enti\u00e8rement naturel qui ne contient aucun additif ni conservateur. Chaque miel a son parfum, vous trouverez du miel de lavande, d\u2019acacia, de romarin, de ch\u00e2taigne, de bruy\u00e8re\u2026. Aux saveurs multiples et aux consistances diff\u00e9rentes (liquides ou cr\u00e9meux), le miel est\u00a0 aussi pr\u00e9sent dans un grand nombre de p\u00e2tisseries, notamment dans la pr\u00e9paration du fameux nougat de Mont\u00e9limar.<\/p>\n<p>&nbsp;<\/p>\n<p><img decoding=\"async\" class=\"alignleft\" src=\"https:\/\/chateaudalencon.free.fr\/images\/stories\/nougat-provence1.jpg\" alt=\"\" border=\"0\" \/>Les Nougats de mont\u00e9limar\u00a0: Nougat et Mont\u00e9limar. Ces deux mots sont indissociables depuis la fin du 17\u00e8me si\u00e8cle, \u00e9poque o\u00f9 commenc\u00e8rent \u00e0 produire les premiers amandiers introduits quelques ann\u00e9es plus t\u00f4t dans la r\u00e9gion par Olivier de Serres. L&rsquo;appellation \u00ab\u00a0Nougat de Mont\u00e9limar\u00a0\u00bb est r\u00e9serv\u00e9e aux produits contenant au moins 30% d&rsquo;amandes (ou 28% d&rsquo;amandes et 2% de pistaches) et 25 % de miel. Le respect des \u00e9tapes de sa fabrication garantit sa qualit\u00e9. Les composants essentiels du nougat de Mont\u00e9limar sont le sucre, le miel de lavande, le blanc d&rsquo;oeuf, la vanille, les amandes et les pistaches.<\/p>\n<p>&nbsp;<\/p>\n<p><img decoding=\"async\" class=\"alignleft\" src=\"https:\/\/chateaudalencon.free.fr\/images\/stories\/abricots-provence1.jpg\" alt=\"\" border=\"0\" \/>Les Arbres Fruitiers\u00a0: Leur floraison au printemps, nous laisse envisager la r\u00e9colte la plus parfum\u00e9e qu\u2019il soit : p\u00eaches et abricots. Nous sommes au coeur des plus beaux vergers de France. Pour les d\u00e9guster pleinement, il faut les d\u00e9guster cueillis bien m\u00fbrs. La P\u00eache y est divine avec les blanches plus fines et les jaunes, plus puissantes. L\u2019Abricot, Orang\u00e9 de Provence, discret, ne pr\u00e9cise son ar\u00f4me qu\u2019en bouche.<\/p>\n<p>&nbsp;<\/p>\n<p>&nbsp;<\/p>\n<p><img loading=\"lazy\" decoding=\"async\" class=\"alignleft\" src=\"https:\/\/chateaudalencon.free.fr\/images\/stories\/43871.jpg\" alt=\"\" width=\"112\" height=\"119\" border=\"0\" \/>Domaine d\u2019Eyguebelle\u00a0: Le nouveau site de fabrication des fameux sirops et liqueurs vous accueille pour vous conter ce parcours unique : d\u2019AIGUEBELLE \u00e0 EYGUEBELLE, de 1880 \u00e0 nos jours. La visite se poursuivra par la d\u00e9couverte du m\u00e9tier de fabricant de sirops et de distillateur de liqueurs : de la fabrication \u00e0 l\u2019embouteillage, de la distillation au vieillissement en cave. Une d\u00e9gustation vous sera enfin gracieusement propos\u00e9e dans le show room de la marque. (T\u00e9l: 04 75 98 64 64\u00a0<cite><a href=\"http:\/\/www.eyguebelle.fr%2026230\/\">www.<strong>eyguebelle<\/strong>.fr<\/a>)<\/cite><\/p>\n","protected":false},"excerpt":{"rendered":"<p>En Dr\u00f4me Proven\u00e7ale, vous appr\u00e9cierez une diversit\u00e9 de go\u00fbts et de senteurs qui font l\u2019originalit\u00e9 et la singularit\u00e9 de notre <a class=\"more-link\" href=\"https:\/\/chateaudalencon.fr\/index.php\/activites\/produits-regionaux\/\">Lire plus&#8230;<\/a><\/p>\n","protected":false},"author":1,"featured_media":214,"parent":39,"menu_order":0,"comment_status":"closed","ping_status":"closed","template":"","meta":{"footnotes":""},"class_list":["post-264","page","type-page","status-publish","has-post-thumbnail","hentry"],"yoast_head":"<!-- This site is optimized with the Yoast SEO plugin v25.3 - https:\/\/yoast.com\/wordpress\/plugins\/seo\/ -->\n<title>Produits R\u00e9gionaux - Chateau d&#039;Alen\u00e7on<\/title>\n<meta name=\"robots\" content=\"index, follow, max-snippet:-1, max-image-preview:large, max-video-preview:-1\" \/>\n<link rel=\"canonical\" href=\"https:\/\/chateaudalencon.fr\/index.php\/activites\/produits-regionaux\/\" \/>\n<meta property=\"og:locale\" content=\"fr_FR\" \/>\n<meta property=\"og:type\" content=\"article\" \/>\n<meta property=\"og:title\" content=\"Produits R\u00e9gionaux - Chateau d&#039;Alen\u00e7on\" \/>\n<meta property=\"og:description\" content=\"En Dr\u00f4me Proven\u00e7ale, vous appr\u00e9cierez une diversit\u00e9 de go\u00fbts et de senteurs qui font l\u2019originalit\u00e9 et la singularit\u00e9 de notre Lire plus...\" \/>\n<meta property=\"og:url\" content=\"https:\/\/chateaudalencon.fr\/index.php\/activites\/produits-regionaux\/\" \/>\n<meta property=\"og:site_name\" content=\"Chateau d&#039;Alen\u00e7on\" \/>\n<meta property=\"article:publisher\" content=\"https:\/\/www.facebook.com\/gite.alencon\" \/>\n<meta property=\"article:modified_time\" content=\"2016-01-07T21:28:07+00:00\" \/>\n<meta property=\"og:image\" content=\"https:\/\/chateaudalencon.fr\/wp-content\/uploads\/2015\/09\/terroir3.jpg\" \/>\n\t<meta property=\"og:image:width\" content=\"1700\" \/>\n\t<meta property=\"og:image:height\" content=\"850\" \/>\n\t<meta property=\"og:image:type\" content=\"image\/jpeg\" \/>\n<meta name=\"twitter:card\" content=\"summary_large_image\" \/>\n<meta name=\"twitter:label1\" content=\"Dur\u00e9e de lecture estim\u00e9e\" \/>\n\t<meta name=\"twitter:data1\" content=\"3 minutes\" \/>\n<script type=\"application\/ld+json\" class=\"yoast-schema-graph\">{\"@context\":\"https:\/\/schema.org\",\"@graph\":[{\"@type\":\"WebPage\",\"@id\":\"https:\/\/chateaudalencon.fr\/index.php\/activites\/produits-regionaux\/\",\"url\":\"https:\/\/chateaudalencon.fr\/index.php\/activites\/produits-regionaux\/\",\"name\":\"Produits R\u00e9gionaux - Chateau d&#039;Alen\u00e7on\",\"isPartOf\":{\"@id\":\"https:\/\/chateaudalencon.fr\/#website\"},\"primaryImageOfPage\":{\"@id\":\"https:\/\/chateaudalencon.fr\/index.php\/activites\/produits-regionaux\/#primaryimage\"},\"image\":{\"@id\":\"https:\/\/chateaudalencon.fr\/index.php\/activites\/produits-regionaux\/#primaryimage\"},\"thumbnailUrl\":\"https:\/\/chateaudalencon.fr\/wp-content\/uploads\/2015\/09\/terroir3.jpg\",\"datePublished\":\"2015-10-06T20:01:15+00:00\",\"dateModified\":\"2016-01-07T21:28:07+00:00\",\"breadcrumb\":{\"@id\":\"https:\/\/chateaudalencon.fr\/index.php\/activites\/produits-regionaux\/#breadcrumb\"},\"inLanguage\":\"fr-FR\",\"potentialAction\":[{\"@type\":\"ReadAction\",\"target\":[\"https:\/\/chateaudalencon.fr\/index.php\/activites\/produits-regionaux\/\"]}]},{\"@type\":\"ImageObject\",\"inLanguage\":\"fr-FR\",\"@id\":\"https:\/\/chateaudalencon.fr\/index.php\/activites\/produits-regionaux\/#primaryimage\",\"url\":\"https:\/\/chateaudalencon.fr\/wp-content\/uploads\/2015\/09\/terroir3.jpg\",\"contentUrl\":\"https:\/\/chateaudalencon.fr\/wp-content\/uploads\/2015\/09\/terroir3.jpg\",\"width\":1700,\"height\":850},{\"@type\":\"BreadcrumbList\",\"@id\":\"https:\/\/chateaudalencon.fr\/index.php\/activites\/produits-regionaux\/#breadcrumb\",\"itemListElement\":[{\"@type\":\"ListItem\",\"position\":1,\"name\":\"Accueil\",\"item\":\"https:\/\/chateaudalencon.fr\/index.php\/home_\/\"},{\"@type\":\"ListItem\",\"position\":2,\"name\":\"Activit\u00e9s\",\"item\":\"https:\/\/chateaudalencon.fr\/index.php\/activites\/\"},{\"@type\":\"ListItem\",\"position\":3,\"name\":\"Produits R\u00e9gionaux\"}]},{\"@type\":\"WebSite\",\"@id\":\"https:\/\/chateaudalencon.fr\/#website\",\"url\":\"https:\/\/chateaudalencon.fr\/\",\"name\":\"Chateau d'Alen\u00e7on\",\"description\":\"G\u00eete en Dr\u00f4me Proven\u00e7ale\",\"publisher\":{\"@id\":\"https:\/\/chateaudalencon.fr\/#organization\"},\"alternateName\":\"Gites du Chateau d'Alen\u00e7on\",\"potentialAction\":[{\"@type\":\"SearchAction\",\"target\":{\"@type\":\"EntryPoint\",\"urlTemplate\":\"https:\/\/chateaudalencon.fr\/?s={search_term_string}\"},\"query-input\":{\"@type\":\"PropertyValueSpecification\",\"valueRequired\":true,\"valueName\":\"search_term_string\"}}],\"inLanguage\":\"fr-FR\"},{\"@type\":\"Organization\",\"@id\":\"https:\/\/chateaudalencon.fr\/#organization\",\"name\":\"Gites du Chateau d'Alen\u00e7on\",\"url\":\"https:\/\/chateaudalencon.fr\/\",\"logo\":{\"@type\":\"ImageObject\",\"inLanguage\":\"fr-FR\",\"@id\":\"https:\/\/chateaudalencon.fr\/#\/schema\/logo\/image\/\",\"url\":\"https:\/\/chateaudalencon.fr\/wp-content\/uploads\/2015\/09\/cropped-Logo-Gite-de-France.png\",\"contentUrl\":\"https:\/\/chateaudalencon.fr\/wp-content\/uploads\/2015\/09\/cropped-Logo-Gite-de-France.png\",\"width\":512,\"height\":512,\"caption\":\"Gites du Chateau d'Alen\u00e7on\"},\"image\":{\"@id\":\"https:\/\/chateaudalencon.fr\/#\/schema\/logo\/image\/\"},\"sameAs\":[\"https:\/\/www.facebook.com\/gite.alencon\"]}]}<\/script>\n<!-- \/ Yoast SEO plugin. -->","yoast_head_json":{"title":"Produits R\u00e9gionaux - Chateau d&#039;Alen\u00e7on","robots":{"index":"index","follow":"follow","max-snippet":"max-snippet:-1","max-image-preview":"max-image-preview:large","max-video-preview":"max-video-preview:-1"},"canonical":"https:\/\/chateaudalencon.fr\/index.php\/activites\/produits-regionaux\/","og_locale":"fr_FR","og_type":"article","og_title":"Produits R\u00e9gionaux - Chateau d&#039;Alen\u00e7on","og_description":"En Dr\u00f4me Proven\u00e7ale, vous appr\u00e9cierez une diversit\u00e9 de go\u00fbts et de senteurs qui font l\u2019originalit\u00e9 et la singularit\u00e9 de notre Lire plus...","og_url":"https:\/\/chateaudalencon.fr\/index.php\/activites\/produits-regionaux\/","og_site_name":"Chateau d&#039;Alen\u00e7on","article_publisher":"https:\/\/www.facebook.com\/gite.alencon","article_modified_time":"2016-01-07T21:28:07+00:00","og_image":[{"width":1700,"height":850,"url":"https:\/\/chateaudalencon.fr\/wp-content\/uploads\/2015\/09\/terroir3.jpg","type":"image\/jpeg"}],"twitter_card":"summary_large_image","twitter_misc":{"Dur\u00e9e de lecture estim\u00e9e":"3 minutes"},"schema":{"@context":"https:\/\/schema.org","@graph":[{"@type":"WebPage","@id":"https:\/\/chateaudalencon.fr\/index.php\/activites\/produits-regionaux\/","url":"https:\/\/chateaudalencon.fr\/index.php\/activites\/produits-regionaux\/","name":"Produits R\u00e9gionaux - Chateau d&#039;Alen\u00e7on","isPartOf":{"@id":"https:\/\/chateaudalencon.fr\/#website"},"primaryImageOfPage":{"@id":"https:\/\/chateaudalencon.fr\/index.php\/activites\/produits-regionaux\/#primaryimage"},"image":{"@id":"https:\/\/chateaudalencon.fr\/index.php\/activites\/produits-regionaux\/#primaryimage"},"thumbnailUrl":"https:\/\/chateaudalencon.fr\/wp-content\/uploads\/2015\/09\/terroir3.jpg","datePublished":"2015-10-06T20:01:15+00:00","dateModified":"2016-01-07T21:28:07+00:00","breadcrumb":{"@id":"https:\/\/chateaudalencon.fr\/index.php\/activites\/produits-regionaux\/#breadcrumb"},"inLanguage":"fr-FR","potentialAction":[{"@type":"ReadAction","target":["https:\/\/chateaudalencon.fr\/index.php\/activites\/produits-regionaux\/"]}]},{"@type":"ImageObject","inLanguage":"fr-FR","@id":"https:\/\/chateaudalencon.fr\/index.php\/activites\/produits-regionaux\/#primaryimage","url":"https:\/\/chateaudalencon.fr\/wp-content\/uploads\/2015\/09\/terroir3.jpg","contentUrl":"https:\/\/chateaudalencon.fr\/wp-content\/uploads\/2015\/09\/terroir3.jpg","width":1700,"height":850},{"@type":"BreadcrumbList","@id":"https:\/\/chateaudalencon.fr\/index.php\/activites\/produits-regionaux\/#breadcrumb","itemListElement":[{"@type":"ListItem","position":1,"name":"Accueil","item":"https:\/\/chateaudalencon.fr\/index.php\/home_\/"},{"@type":"ListItem","position":2,"name":"Activit\u00e9s","item":"https:\/\/chateaudalencon.fr\/index.php\/activites\/"},{"@type":"ListItem","position":3,"name":"Produits R\u00e9gionaux"}]},{"@type":"WebSite","@id":"https:\/\/chateaudalencon.fr\/#website","url":"https:\/\/chateaudalencon.fr\/","name":"Chateau d'Alen\u00e7on","description":"G\u00eete en Dr\u00f4me Proven\u00e7ale","publisher":{"@id":"https:\/\/chateaudalencon.fr\/#organization"},"alternateName":"Gites du Chateau d'Alen\u00e7on","potentialAction":[{"@type":"SearchAction","target":{"@type":"EntryPoint","urlTemplate":"https:\/\/chateaudalencon.fr\/?s={search_term_string}"},"query-input":{"@type":"PropertyValueSpecification","valueRequired":true,"valueName":"search_term_string"}}],"inLanguage":"fr-FR"},{"@type":"Organization","@id":"https:\/\/chateaudalencon.fr\/#organization","name":"Gites du Chateau d'Alen\u00e7on","url":"https:\/\/chateaudalencon.fr\/","logo":{"@type":"ImageObject","inLanguage":"fr-FR","@id":"https:\/\/chateaudalencon.fr\/#\/schema\/logo\/image\/","url":"https:\/\/chateaudalencon.fr\/wp-content\/uploads\/2015\/09\/cropped-Logo-Gite-de-France.png","contentUrl":"https:\/\/chateaudalencon.fr\/wp-content\/uploads\/2015\/09\/cropped-Logo-Gite-de-France.png","width":512,"height":512,"caption":"Gites du Chateau d'Alen\u00e7on"},"image":{"@id":"https:\/\/chateaudalencon.fr\/#\/schema\/logo\/image\/"},"sameAs":["https:\/\/www.facebook.com\/gite.alencon"]}]}},"_links":{"self":[{"href":"https:\/\/chateaudalencon.fr\/index.php\/wp-json\/wp\/v2\/pages\/264","targetHints":{"allow":["GET"]}}],"collection":[{"href":"https:\/\/chateaudalencon.fr\/index.php\/wp-json\/wp\/v2\/pages"}],"about":[{"href":"https:\/\/chateaudalencon.fr\/index.php\/wp-json\/wp\/v2\/types\/page"}],"author":[{"embeddable":true,"href":"https:\/\/chateaudalencon.fr\/index.php\/wp-json\/wp\/v2\/users\/1"}],"replies":[{"embeddable":true,"href":"https:\/\/chateaudalencon.fr\/index.php\/wp-json\/wp\/v2\/comments?post=264"}],"version-history":[{"count":5,"href":"https:\/\/chateaudalencon.fr\/index.php\/wp-json\/wp\/v2\/pages\/264\/revisions"}],"predecessor-version":[{"id":302,"href":"https:\/\/chateaudalencon.fr\/index.php\/wp-json\/wp\/v2\/pages\/264\/revisions\/302"}],"up":[{"embeddable":true,"href":"https:\/\/chateaudalencon.fr\/index.php\/wp-json\/wp\/v2\/pages\/39"}],"wp:featuredmedia":[{"embeddable":true,"href":"https:\/\/chateaudalencon.fr\/index.php\/wp-json\/wp\/v2\/media\/214"}],"wp:attachment":[{"href":"https:\/\/chateaudalencon.fr\/index.php\/wp-json\/wp\/v2\/media?parent=264"}],"curies":[{"name":"wp","href":"https:\/\/api.w.org\/{rel}","templated":true}]}}