{"id":123,"date":"2015-09-26T09:11:50","date_gmt":"2015-09-26T09:11:50","guid":{"rendered":"http:\/\/chateaudalencon.fr\/?page_id=123"},"modified":"2023-11-20T15:35:02","modified_gmt":"2023-11-20T15:35:02","slug":"gites","status":"publish","type":"page","link":"https:\/\/chateaudalencon.fr\/index.php\/gites\/","title":{"rendered":"G\u00eetes"},"content":{"rendered":"<p>Au c\u0153ur de la Dr\u00f4me proven\u00e7ale, <a href=\"https:\/\/chateaudalencon.fr\/index.php\/gites\/carpe-diem\/\"><strong>Carpe Diem<\/strong> <\/a>et\u00a0<strong><a href=\"https:\/\/chateaudalencon.fr\/index.php\/gites\/nuit-etoilee\/\">Nuit \u00e9toil\u00e9e<\/a><\/strong>\u00a0sont\u00a0deux g\u00eetes situ\u00e9s dans le ch\u00e2teau d\u2019Alen\u00e7on,\u00a0construit au 14\u00e8me si\u00e8cle, et transform\u00e9 ann\u00e9e apr\u00e8s ann\u00e9e en ferme fortifi\u00e9e.<\/p>\n<p>Les g\u00eetes ont \u00e9t\u00e9 restaur\u00e9s par nos soins avec amour et dans un souci de respect des lieux et des mat\u00e9riaux nobles\u00a0(poutres en ch\u00eane, pierres apparentes, enduits \u00e0 la chaux, fer forg\u00e9s \u00e0 la main).<\/p>\n<p>Le ch\u00e2teau,\u00a0 havre de paix entour\u00e9 de champs de vignes, de lavande et de ch\u00eanes truffiers, reste n\u00e9anmoins proche des commodit\u00e9s du village de La Roche Saint Secret (\u00e9picerie, restaurant\u2026) et de la rivi\u00e8re accessible \u00e0 pied!<\/p>\n","protected":false},"excerpt":{"rendered":"<p>Au c\u0153ur de la Dr\u00f4me proven\u00e7ale, Carpe Diem et\u00a0Nuit \u00e9toil\u00e9e\u00a0sont\u00a0deux g\u00eetes situ\u00e9s dans le ch\u00e2teau d\u2019Alen\u00e7on,\u00a0construit au 14\u00e8me si\u00e8cle, et <a class=\"more-link\" href=\"https:\/\/chateaudalencon.fr\/index.php\/gites\/\">Lire plus&#8230;<\/a><\/p>\n","protected":false},"author":1,"featured_media":528,"parent":0,"menu_order":0,"comment_status":"closed","ping_status":"closed","template":"","meta":{"footnotes":""},"class_list":["post-123","page","type-page","status-publish","has-post-thumbnail","hentry"],"yoast_head":"<!-- This site is optimized with the Yoast SEO plugin v25.3 - https:\/\/yoast.com\/wordpress\/plugins\/seo\/ -->\n<title>G\u00eetes - Chateau d&#039;Alen\u00e7on<\/title>\n<meta name=\"robots\" content=\"index, follow, max-snippet:-1, max-image-preview:large, max-video-preview:-1\" \/>\n<link rel=\"canonical\" href=\"https:\/\/chateaudalencon.fr\/index.php\/gites\/\" \/>\n<meta property=\"og:locale\" content=\"fr_FR\" \/>\n<meta property=\"og:type\" content=\"article\" \/>\n<meta property=\"og:title\" content=\"G\u00eetes - Chateau d&#039;Alen\u00e7on\" \/>\n<meta property=\"og:description\" content=\"Au c\u0153ur de la Dr\u00f4me proven\u00e7ale, Carpe Diem et\u00a0Nuit \u00e9toil\u00e9e\u00a0sont\u00a0deux g\u00eetes situ\u00e9s dans le ch\u00e2teau d\u2019Alen\u00e7on,\u00a0construit au 14\u00e8me si\u00e8cle, et Lire plus...\" \/>\n<meta property=\"og:url\" content=\"https:\/\/chateaudalencon.fr\/index.php\/gites\/\" \/>\n<meta property=\"og:site_name\" content=\"Chateau d&#039;Alen\u00e7on\" \/>\n<meta property=\"article:publisher\" content=\"https:\/\/www.facebook.com\/gite.alencon\" \/>\n<meta property=\"article:modified_time\" content=\"2023-11-20T15:35:02+00:00\" \/>\n<meta property=\"og:image\" content=\"https:\/\/chateaudalencon.fr\/wp-content\/uploads\/2015\/10\/cropped-DSC_0401-1757x753.jpg\" \/>\n\t<meta property=\"og:image:width\" content=\"1680\" \/>\n\t<meta property=\"og:image:height\" content=\"719\" \/>\n\t<meta property=\"og:image:type\" content=\"image\/jpeg\" \/>\n<meta name=\"twitter:card\" content=\"summary_large_image\" \/>\n<meta name=\"twitter:label1\" content=\"Dur\u00e9e de lecture estim\u00e9e\" \/>\n\t<meta name=\"twitter:data1\" content=\"1 minute\" \/>\n<script type=\"application\/ld+json\" class=\"yoast-schema-graph\">{\"@context\":\"https:\/\/schema.org\",\"@graph\":[{\"@type\":\"WebPage\",\"@id\":\"https:\/\/chateaudalencon.fr\/index.php\/gites\/\",\"url\":\"https:\/\/chateaudalencon.fr\/index.php\/gites\/\",\"name\":\"G\u00eetes - Chateau d&#039;Alen\u00e7on\",\"isPartOf\":{\"@id\":\"https:\/\/chateaudalencon.fr\/#website\"},\"primaryImageOfPage\":{\"@id\":\"https:\/\/chateaudalencon.fr\/index.php\/gites\/#primaryimage\"},\"image\":{\"@id\":\"https:\/\/chateaudalencon.fr\/index.php\/gites\/#primaryimage\"},\"thumbnailUrl\":\"https:\/\/chateaudalencon.fr\/wp-content\/uploads\/2015\/10\/cropped-DSC_0401-1757x753.jpg\",\"datePublished\":\"2015-09-26T09:11:50+00:00\",\"dateModified\":\"2023-11-20T15:35:02+00:00\",\"breadcrumb\":{\"@id\":\"https:\/\/chateaudalencon.fr\/index.php\/gites\/#breadcrumb\"},\"inLanguage\":\"fr-FR\",\"potentialAction\":[{\"@type\":\"ReadAction\",\"target\":[\"https:\/\/chateaudalencon.fr\/index.php\/gites\/\"]}]},{\"@type\":\"ImageObject\",\"inLanguage\":\"fr-FR\",\"@id\":\"https:\/\/chateaudalencon.fr\/index.php\/gites\/#primaryimage\",\"url\":\"https:\/\/chateaudalencon.fr\/wp-content\/uploads\/2015\/10\/cropped-DSC_0401-1757x753.jpg\",\"contentUrl\":\"https:\/\/chateaudalencon.fr\/wp-content\/uploads\/2015\/10\/cropped-DSC_0401-1757x753.jpg\",\"width\":1680,\"height\":719},{\"@type\":\"BreadcrumbList\",\"@id\":\"https:\/\/chateaudalencon.fr\/index.php\/gites\/#breadcrumb\",\"itemListElement\":[{\"@type\":\"ListItem\",\"position\":1,\"name\":\"Accueil\",\"item\":\"https:\/\/chateaudalencon.fr\/index.php\/home_\/\"},{\"@type\":\"ListItem\",\"position\":2,\"name\":\"G\u00eetes\"}]},{\"@type\":\"WebSite\",\"@id\":\"https:\/\/chateaudalencon.fr\/#website\",\"url\":\"https:\/\/chateaudalencon.fr\/\",\"name\":\"Chateau d'Alen\u00e7on\",\"description\":\"G\u00eete en Dr\u00f4me Proven\u00e7ale\",\"publisher\":{\"@id\":\"https:\/\/chateaudalencon.fr\/#organization\"},\"alternateName\":\"Gites du Chateau d'Alen\u00e7on\",\"potentialAction\":[{\"@type\":\"SearchAction\",\"target\":{\"@type\":\"EntryPoint\",\"urlTemplate\":\"https:\/\/chateaudalencon.fr\/?s={search_term_string}\"},\"query-input\":{\"@type\":\"PropertyValueSpecification\",\"valueRequired\":true,\"valueName\":\"search_term_string\"}}],\"inLanguage\":\"fr-FR\"},{\"@type\":\"Organization\",\"@id\":\"https:\/\/chateaudalencon.fr\/#organization\",\"name\":\"Gites du Chateau d'Alen\u00e7on\",\"url\":\"https:\/\/chateaudalencon.fr\/\",\"logo\":{\"@type\":\"ImageObject\",\"inLanguage\":\"fr-FR\",\"@id\":\"https:\/\/chateaudalencon.fr\/#\/schema\/logo\/image\/\",\"url\":\"https:\/\/chateaudalencon.fr\/wp-content\/uploads\/2015\/09\/cropped-Logo-Gite-de-France.png\",\"contentUrl\":\"https:\/\/chateaudalencon.fr\/wp-content\/uploads\/2015\/09\/cropped-Logo-Gite-de-France.png\",\"width\":512,\"height\":512,\"caption\":\"Gites du Chateau d'Alen\u00e7on\"},\"image\":{\"@id\":\"https:\/\/chateaudalencon.fr\/#\/schema\/logo\/image\/\"},\"sameAs\":[\"https:\/\/www.facebook.com\/gite.alencon\"]}]}<\/script>\n<!-- \/ Yoast SEO plugin. -->","yoast_head_json":{"title":"G\u00eetes - Chateau d&#039;Alen\u00e7on","robots":{"index":"index","follow":"follow","max-snippet":"max-snippet:-1","max-image-preview":"max-image-preview:large","max-video-preview":"max-video-preview:-1"},"canonical":"https:\/\/chateaudalencon.fr\/index.php\/gites\/","og_locale":"fr_FR","og_type":"article","og_title":"G\u00eetes - Chateau d&#039;Alen\u00e7on","og_description":"Au c\u0153ur de la Dr\u00f4me proven\u00e7ale, Carpe Diem et\u00a0Nuit \u00e9toil\u00e9e\u00a0sont\u00a0deux g\u00eetes situ\u00e9s dans le ch\u00e2teau d\u2019Alen\u00e7on,\u00a0construit au 14\u00e8me si\u00e8cle, et Lire plus...","og_url":"https:\/\/chateaudalencon.fr\/index.php\/gites\/","og_site_name":"Chateau d&#039;Alen\u00e7on","article_publisher":"https:\/\/www.facebook.com\/gite.alencon","article_modified_time":"2023-11-20T15:35:02+00:00","og_image":[{"width":1680,"height":719,"url":"https:\/\/chateaudalencon.fr\/wp-content\/uploads\/2015\/10\/cropped-DSC_0401-1757x753.jpg","type":"image\/jpeg"}],"twitter_card":"summary_large_image","twitter_misc":{"Dur\u00e9e de lecture estim\u00e9e":"1 minute"},"schema":{"@context":"https:\/\/schema.org","@graph":[{"@type":"WebPage","@id":"https:\/\/chateaudalencon.fr\/index.php\/gites\/","url":"https:\/\/chateaudalencon.fr\/index.php\/gites\/","name":"G\u00eetes - Chateau d&#039;Alen\u00e7on","isPartOf":{"@id":"https:\/\/chateaudalencon.fr\/#website"},"primaryImageOfPage":{"@id":"https:\/\/chateaudalencon.fr\/index.php\/gites\/#primaryimage"},"image":{"@id":"https:\/\/chateaudalencon.fr\/index.php\/gites\/#primaryimage"},"thumbnailUrl":"https:\/\/chateaudalencon.fr\/wp-content\/uploads\/2015\/10\/cropped-DSC_0401-1757x753.jpg","datePublished":"2015-09-26T09:11:50+00:00","dateModified":"2023-11-20T15:35:02+00:00","breadcrumb":{"@id":"https:\/\/chateaudalencon.fr\/index.php\/gites\/#breadcrumb"},"inLanguage":"fr-FR","potentialAction":[{"@type":"ReadAction","target":["https:\/\/chateaudalencon.fr\/index.php\/gites\/"]}]},{"@type":"ImageObject","inLanguage":"fr-FR","@id":"https:\/\/chateaudalencon.fr\/index.php\/gites\/#primaryimage","url":"https:\/\/chateaudalencon.fr\/wp-content\/uploads\/2015\/10\/cropped-DSC_0401-1757x753.jpg","contentUrl":"https:\/\/chateaudalencon.fr\/wp-content\/uploads\/2015\/10\/cropped-DSC_0401-1757x753.jpg","width":1680,"height":719},{"@type":"BreadcrumbList","@id":"https:\/\/chateaudalencon.fr\/index.php\/gites\/#breadcrumb","itemListElement":[{"@type":"ListItem","position":1,"name":"Accueil","item":"https:\/\/chateaudalencon.fr\/index.php\/home_\/"},{"@type":"ListItem","position":2,"name":"G\u00eetes"}]},{"@type":"WebSite","@id":"https:\/\/chateaudalencon.fr\/#website","url":"https:\/\/chateaudalencon.fr\/","name":"Chateau d'Alen\u00e7on","description":"G\u00eete en Dr\u00f4me Proven\u00e7ale","publisher":{"@id":"https:\/\/chateaudalencon.fr\/#organization"},"alternateName":"Gites du Chateau d'Alen\u00e7on","potentialAction":[{"@type":"SearchAction","target":{"@type":"EntryPoint","urlTemplate":"https:\/\/chateaudalencon.fr\/?s={search_term_string}"},"query-input":{"@type":"PropertyValueSpecification","valueRequired":true,"valueName":"search_term_string"}}],"inLanguage":"fr-FR"},{"@type":"Organization","@id":"https:\/\/chateaudalencon.fr\/#organization","name":"Gites du Chateau d'Alen\u00e7on","url":"https:\/\/chateaudalencon.fr\/","logo":{"@type":"ImageObject","inLanguage":"fr-FR","@id":"https:\/\/chateaudalencon.fr\/#\/schema\/logo\/image\/","url":"https:\/\/chateaudalencon.fr\/wp-content\/uploads\/2015\/09\/cropped-Logo-Gite-de-France.png","contentUrl":"https:\/\/chateaudalencon.fr\/wp-content\/uploads\/2015\/09\/cropped-Logo-Gite-de-France.png","width":512,"height":512,"caption":"Gites du Chateau d'Alen\u00e7on"},"image":{"@id":"https:\/\/chateaudalencon.fr\/#\/schema\/logo\/image\/"},"sameAs":["https:\/\/www.facebook.com\/gite.alencon"]}]}},"_links":{"self":[{"href":"https:\/\/chateaudalencon.fr\/index.php\/wp-json\/wp\/v2\/pages\/123","targetHints":{"allow":["GET"]}}],"collection":[{"href":"https:\/\/chateaudalencon.fr\/index.php\/wp-json\/wp\/v2\/pages"}],"about":[{"href":"https:\/\/chateaudalencon.fr\/index.php\/wp-json\/wp\/v2\/types\/page"}],"author":[{"embeddable":true,"href":"https:\/\/chateaudalencon.fr\/index.php\/wp-json\/wp\/v2\/users\/1"}],"replies":[{"embeddable":true,"href":"https:\/\/chateaudalencon.fr\/index.php\/wp-json\/wp\/v2\/comments?post=123"}],"version-history":[{"count":9,"href":"https:\/\/chateaudalencon.fr\/index.php\/wp-json\/wp\/v2\/pages\/123\/revisions"}],"predecessor-version":[{"id":1246,"href":"https:\/\/chateaudalencon.fr\/index.php\/wp-json\/wp\/v2\/pages\/123\/revisions\/1246"}],"wp:featuredmedia":[{"embeddable":true,"href":"https:\/\/chateaudalencon.fr\/index.php\/wp-json\/wp\/v2\/media\/528"}],"wp:attachment":[{"href":"https:\/\/chateaudalencon.fr\/index.php\/wp-json\/wp\/v2\/media?parent=123"}],"curies":[{"name":"wp","href":"https:\/\/api.w.org\/{rel}","templated":true}]}}